{"id":1860,"date":"2020-06-15T08:28:13","date_gmt":"2020-06-15T08:28:13","guid":{"rendered":"https:\/\/www.psbernard.com\/politique-de-confidentialite\/"},"modified":"2020-12-04T16:53:57","modified_gmt":"2020-12-04T16:53:57","slug":"privacy-policy","status":"publish","type":"page","link":"https:\/\/www.psbernard.com\/it\/privacy-policy\/","title":{"rendered":"Privacy Policy"},"content":{"rendered":"<div class=\"wpb-content-wrapper\"><p>[vc_row css_animation=&#8221;&#8221; row_type=&#8221;row&#8221; use_row_as_full_screen_section=&#8221;no&#8221; type=&#8221;full_width&#8221; angled_section=&#8221;no&#8221; text_align=&#8221;left&#8221; background_image_as_pattern=&#8221;without_pattern&#8221;][vc_column][vc_column_text]<\/p>\n<h1 style=\"padding-left: 40px;\"><strong><em>Uso dei cookie<\/em><\/strong><\/h1>\n<p>&nbsp;<\/p>\n<p><strong><em>Che cos&#8217;\u00e8 un cookie ?<\/em><\/strong><\/p>\n<p><em>Un cookie \u00e8 un file di dati che registra informazioni della tua navigazione su questo sito web. Esso non permette di ottenere informazioni registrate sul tuo dispositivo, ma permette di riconoscerti quando torni sul nostro sito web.<\/em><\/p>\n<p>&nbsp;<\/p>\n<p><strong><em>Come si accetta, si imposta o si rifiuta un cookie ?<\/em><\/strong><\/p>\n<p><em>\u00c8 possibile impostare il browser in modo che ti avvisi quando ricevi un cookie, dando la possibilit\u00e0 di decidere se accettarlo.<\/em><\/p>\n<p><em>\u00a0<\/em><\/p>\n<p><em>Per Microsoft Internet Explorer :<\/em><\/p>\n<p><em>Selezionare il pulsante &#8220;Strumenti&#8221; &gt; &#8220;Opzioni Internet&#8221;<\/em><\/p>\n<p><em>Cliccare su &#8220;Privacy&#8221;<\/em><\/p>\n<p><em>Selezionare il livello desiderato<\/em><em>\u00a0<\/em><\/p>\n<p><em>\u00a0<\/em><\/p>\n<p><em>Per Mozilla Firefox :<\/em><\/p>\n<p><em>Fare clic sul pulsante dei menu e selezionare &#8220;Opzioni&#8221;.<\/em><\/p>\n<p><em>Selezionare il pannello &#8220;Privacy e sicurezza&#8221;<\/em><\/p>\n<p><em>Andare alla sezione &#8220;Cookie e dati dei siti web&#8221;.<\/em><\/p>\n<p><em>\u00a0<\/em><\/p>\n<p><em>Per Chrome :<\/em><\/p>\n<p><em>Scegliere &#8220;Impostazioni&#8221;\u00a0<\/em><\/p>\n<p><em>Cliccare su \u00ab Privacy e sicurezza \u00bb<\/em><\/p>\n<p><em>Individuare &#8220;cookie e altri dati dei siti&#8221; e selezionare le opzioni pi\u00f9 adatte<\/em><\/p>\n<p><em>\u00a0<\/em><\/p>\n<p><em>Per Safari :<\/em><\/p>\n<p><em>scegliere &#8220;Preferenze&#8221;<\/em><\/p>\n<p><em>Fare clic su &#8220;Privacy&#8221;<\/em><\/p>\n<p><em>Quindi eseguire le azioni pi\u00f9 adatte<\/em><\/p>\n<p>&nbsp;<\/p>\n<p><strong><em>Conseguenze della tua scelta<\/em><\/strong><\/p>\n<p><em>L&#8217;attivazione dei cookie permette la memorizzazione di informazioni relative alla tua visita nel tuo computer. <\/em>Nota che la procedura di rifiutare o cancellare i cookie sul tuo browser, non previene la visualizzazione di pubblicit\u00e0 <em>nei siti che visiterai. Solamente bloccher\u00e0 le tecnologie che si<\/em> adattano ai tuoi interessi.<\/p>\n<p>&nbsp;<\/p>\n<p><strong><em>Cookie utilizzati dal sito web<\/em><\/strong><\/p>\n<p><em>Quando ti connetti a questo sito web, pi\u00f9 cookie si possono installare sul tuo dispositivo. La durata di validit\u00e0 dei cookie \u00e8 di massimo 13 mesi.<\/em><\/p>\n<p><em>\u00a0<\/em><\/p>\n<p><em>Questi cookie permettono :\u00a0<\/em><\/p>\n<ul>\n<li><em>di redigere delle statistiche relative alle visite per il nostro sito internet (rubriche e contenuti visitati, percorsi, ecc.) ;<\/em><\/li>\n<li><em>di adeguare la presentazione del sito web alle preferenze di visualizzazione del tuo dispositivo (lingua usata, risoluzione del display, sistema operativo utilizzato) ;<\/em><\/li>\n<li><em>di memorizzare informazioni relative a un modulo che hai compilato ;<\/em><\/li>\n<li><em>di attuare misure di sicurezza, per esempio quando il sito ti domanda di riconnetterti di nuovo a un contenuto o un servizio dopo un certo periodo di tempo ;<\/em><\/li>\n<\/ul>\n<p>&nbsp;<\/p>\n<p><strong><em>I cookie che non richiedono consenso<\/em><\/strong><\/p>\n<p><em>In linea con le raccomandazioni della Commissione Nazionale dell&#8217;Informatica e delle Libert\u00e0 (CNIL), alcuni cookie sono esentati dalla previa richiesta del consenso da parte tua dal momento che sono rigidamente necessari per il funzionamento del sito web o hanno come finalit\u00e0 esclusiva di permettere o facilitare la comunicazione per via elettronica. Si tratta in particolare di cookie di ID sessione, di autenticazione, di sessione nonch\u00e9 di cookie di personalizzazione dell&#8217;interfaccia.<\/em><\/p>\n<p>&nbsp;<\/p>\n<p><strong><em>I cookie possibili<\/em><\/strong><\/p>\n<p><em>I Flash Cookie di Adobe Flash Player\u2122. <\/em><em>Adobe Flash Player\u2122 permette il rapido sviluppo dei contenuti dinamici che utilizzano il linguaggio informatico &#8220;Flash&#8221;. Flash (e le applicazioni della stessa natura) memorizzano i parametri, le preferenze e l&#8217;utilizzo di questi contenuti grazie a una tecnologia simile ai cookie. <\/em><em>Adobe Flash Player\u2122 gestisce queste informazioni e le tue scelte tramite un interfaccia diverso da quello fornito dal tuo software di navigazione.<\/em><\/p>\n<p><em>Dal momento che \u00e8 probabile che il tuo terminale visualizzi contenuti sviluppati con il linguaggio Flash, ti invitiamo ad accedere ai tuoi strumenti di gestione dei cookie Flash, direttamente dal sito <a href=\"https:\/\/www.adobe.com\/fr\/privacy\/policies\/flash-player.html\">https:\/\/www.adobe.com\/fr\/privacy\/policies\/flash-player.html<\/a>\u00a0<\/em><\/p>\n<p><em>I cookie di Social Network : le pagine e gli articoli presenti sul sito web possono essere accompagnati da una applicazione informatica di terze parti\u00a0 che permette la condivisione di tali contenuti sui social network.<\/em><\/p>\n<p><em>Il sito web non ha alcun controllo sul processo utilizzato dai rispettivi social network (Facebook, Twitter, Google+, Pinterest, Instagram, YouTube, ecc.) per raccogliere tali informazioni e ti invitiamo a consultare le politiche sulla privacy di questi.\u00a0<\/em><\/p>\n<p><em>Per esempio per Facebook :<\/em> <a href=\"https:\/\/fr-fr.facebook.com\/privacy\/explanation\"><em>https:\/\/fr-fr.facebook.com\/privacy\/explanation<\/em><\/a><\/p>\n<p><em>\u00a0<\/em><\/p>\n<p><strong><em>Utilizzo dei dati personali<\/em><\/strong><\/p>\n<p><em>I tuoi dati personali possono servire per mandare informazioni legate alla tua richiesta. Il sito web si impegna a non divulgare i tuoi dati a terzi. \u00c8 possibile esercitare il tuo diritto all&#8217;accesso, alla modifica ed alla cancellazione dei dati che ti riguardano usando il modulo allegato o contattandoci via email :\u00a0<\/em><\/p>\n<p>&nbsp;<\/p>\n<p><em>\t\t<form action=\"https:\/\/www.psbernard.com\/wp-admin\/admin-ajax.php\" method=\"post\" id=\"gdrf-form\">\n\t\t\t<input type=\"hidden\" name=\"action\" value=\"gdrf_data_request\" \/>\n\t\t\t<input type=\"hidden\" name=\"gdrf_data_human_key\" id=\"gdrf_data_human_key\" value=\"80008\" \/>\n\t\t\t<input type=\"hidden\" name=\"gdrf_data_nonce\" id=\"gdrf_data_nonce\" value=\"a1c68ff7ed\" \/>\n\n\t\t\t\t\t<div class=\"gdrf-field gdrf-field-action\" role=\"radiogroup\" aria-labelledby=\"gdrf-radio-label\">\n\t\t\t\t<p id=\"gdrf-radio-label\">\n\t\t\t\t\tSeleziona la tua richiesta:\t\t\t\t<\/p>\n\n\t\t\t\t<input id=\"gdrf-data-type-export\" class=\"gdrf-data-type-input\" type=\"radio\" name=\"gdrf_data_type\" value=\"export_personal_data\" \/>\n\t\t\t\t<label for=\"gdrf-data-type-export\" class=\"gdrf-data-type-label\">\n\t\t\t\t\tEsporta i tuoi dati personali\t\t\t\t<\/label>\n\t\t\t\t<br \/>\n\t\t\t\t<input id=\"gdrf-data-type-remove\" class=\"gdrf-data-type-input\" type=\"radio\" name=\"gdrf_data_type\" value=\"remove_personal_data\" \/>\n\t\t\t\t<label for=\"gdrf-data-type-remove\" class=\"gdrf-data-type-label\">\n\t\t\t\t\tRimuovi i tuoi dati personali\t\t\t\t<\/label>\n\t\t\t<\/div>\n\t\t\n\t\t\t<p class=\"gdrf-field gdrf-field-email\">\n\t\t\t\t<label for=\"gdrf_data_email\">\n\t\t\t\t\tIl tuo indirizzo email (obbligatorio)\t\t\t\t<\/label>\n\t\t\t\t<input type=\"email\" id=\"gdrf_data_email\" name=\"gdrf_data_email\" required \/>\n\t\t\t<\/p>\n\n\t\t\t<p class=\"gdrf-field gdrf-field-human\">\n\t\t\t\t<label for=\"gdrf_data_human\">\n\t\t\t\t\tVerifica di essere umano (richiesto):\t\t\t\t\t8\u00a0+\u00a08\u00a0=\u00a0?\t\t\t\t<\/label>\n\t\t\t\t<input type=\"text\" id=\"gdrf_data_human\" name=\"gdrf_data_human\" required \/>\n\t\t\t<\/p>\n\n\t\t\t<p class=\"gdrf-field gdrf-field-submit\">\n\t\t\t\t<input id=\"gdrf-submit-button\" type=\"submit\" class=\"wp-element-button\" value=\"Invia la richiesta\" \/>\n\t\t\t<\/p>\n\t\t<\/form>\n\t\t<\/em>[\/vc_column_text][vc_empty_space][\/vc_column][\/vc_row]<\/p>\n<\/div>","protected":false},"excerpt":{"rendered":"<p>[vc_row css_animation=&#8221;&#8221; row_type=&#8221;row&#8221; use_row_as_full_screen_section=&#8221;no&#8221; type=&#8221;full_width&#8221; angled_section=&#8221;no&#8221; text_align=&#8221;left&#8221; background_image_as_pattern=&#8221;without_pattern&#8221;][vc_column][vc_column_text] Uso dei cookie &nbsp; Che cos&#8217;\u00e8 un cookie ? Un cookie \u00e8 un file di dati che registra informazioni della tua navigazione su questo sito web. Esso non permette di ottenere informazioni registrate sul tuo dispositivo, ma&#8230;<\/p>\n","protected":false},"author":1,"featured_media":0,"parent":0,"menu_order":9,"comment_status":"closed","ping_status":"closed","template":"","meta":{"footnotes":""},"class_list":["post-1860","page","type-page","status-publish","hentry"],"_links":{"self":[{"href":"https:\/\/www.psbernard.com\/it\/wp-json\/wp\/v2\/pages\/1860","targetHints":{"allow":["GET"]}}],"collection":[{"href":"https:\/\/www.psbernard.com\/it\/wp-json\/wp\/v2\/pages"}],"about":[{"href":"https:\/\/www.psbernard.com\/it\/wp-json\/wp\/v2\/types\/page"}],"author":[{"embeddable":true,"href":"https:\/\/www.psbernard.com\/it\/wp-json\/wp\/v2\/users\/1"}],"replies":[{"embeddable":true,"href":"https:\/\/www.psbernard.com\/it\/wp-json\/wp\/v2\/comments?post=1860"}],"version-history":[{"count":5,"href":"https:\/\/www.psbernard.com\/it\/wp-json\/wp\/v2\/pages\/1860\/revisions"}],"predecessor-version":[{"id":1917,"href":"https:\/\/www.psbernard.com\/it\/wp-json\/wp\/v2\/pages\/1860\/revisions\/1917"}],"wp:attachment":[{"href":"https:\/\/www.psbernard.com\/it\/wp-json\/wp\/v2\/media?parent=1860"}],"curies":[{"name":"wp","href":"https:\/\/api.w.org\/{rel}","templated":true}]}}