{"id":1826,"date":"2020-06-02T09:23:48","date_gmt":"2020-06-02T09:23:48","guid":{"rendered":"https:\/\/www.psbernard.com\/qui-sommes-nous-l-association\/"},"modified":"2024-06-02T23:28:53","modified_gmt":"2024-06-02T23:28:53","slug":"chi-siamo-l-associazione","status":"publish","type":"page","link":"https:\/\/www.psbernard.com\/it\/chi-siamo-l-associazione\/","title":{"rendered":"Chi siamo ?"},"content":{"rendered":"<div class=\"wpb-content-wrapper\"><p>[vc_row css_animation=&#8221;&#8221; row_type=&#8221;row&#8221; use_row_as_full_screen_section=&#8221;no&#8221; type=&#8221;full_width&#8221; angled_section=&#8221;no&#8221; text_align=&#8221;left&#8221; background_image_as_pattern=&#8221;without_pattern&#8221;][vc_column][vc_empty_space][\/vc_column][\/vc_row][vc_row css_animation=&#8221;&#8221; row_type=&#8221;row&#8221; use_row_as_full_screen_section=&#8221;no&#8221; type=&#8221;full_width&#8221; angled_section=&#8221;no&#8221; text_align=&#8221;left&#8221; background_image_as_pattern=&#8221;without_pattern&#8221;][vc_column width=&#8221;2\/3&#8243;][vc_empty_space][vc_column_text]<\/p>\n<h1>Associazione del Piccolo San Bernardo<\/h1>\n<p>[\/vc_column_text][vc_empty_space][vc_column_text]L&#8217;associazione ringrazia tutti coloro che hanno contribuito alle foto di questo Web site, e in particolare Ren\u00e9 MUGNIER e Jean-Luc PENNA.[\/vc_column_text][vc_empty_space][\/vc_column][vc_column width=&#8221;1\/3&#8243;][vc_empty_space height=&#8221;16px&#8221;][vc_single_image image=&#8221;1329&#8243; alignment=&#8221;center&#8221; qode_css_animation=&#8221;&#8221;][vc_empty_space][\/vc_column][\/vc_row][vc_row css_animation=&#8221;&#8221; row_type=&#8221;row&#8221; use_row_as_full_screen_section=&#8221;no&#8221; type=&#8221;full_width&#8221; angled_section=&#8221;no&#8221; text_align=&#8221;left&#8221; background_image_as_pattern=&#8221;without_pattern&#8221;][vc_column width=&#8221;1\/2&#8243;][vc_column_text]<\/p>\n<h2>La sua origine<\/h2>\n<p>[\/vc_column_text][vc_empty_space][vc_column_text]<\/p>\n<h2><\/h2>\n<p>L&#8217;associazione \u00e8 stata<strong> creata nel 1993<\/strong> per <strong>opporsi alla demolizione<\/strong> dell&#8217;edificio dell&#8217;ospizio.<\/p>\n<p>\u00c8 un&#8217;organizzazione <strong>non-profit<\/strong>, disciplinata dalla legge francese del 1\u00ba luglio 1901.<\/p>\n<p>\u00c8 gestita da un consiglio di amministrazione, i cui membri sono tutti <strong>volontari<\/strong>.<\/p>\n<p>La Regione Alvernia-Rodano-Alpi, il Consiglio Generale della Savoia, la Comunit\u00e0 di Comuni dell&#8217;Alta Tarantasia (CCHT), i comuni di S\u00e9ez e della Thuile, nonch\u00e9 un rappresentante della societ\u00e0 civile valdostana sono membri di diritto del consiglio di amministrazione.<\/p>\n<p>\u00c8 stata ufficialmente registrata alla Gazzetta Ufficiale francese del 27\/07\/1994.[\/vc_column_text][vc_empty_space][\/vc_column][vc_column width=&#8221;1\/2&#8243;][vc_column_text]<\/p>\n<h2>I suoi obiettivi<\/h2>\n<p>[\/vc_column_text][vc_empty_space][vc_column_text]<\/p>\n<ul>\n<li><strong>Restauro<\/strong> dell&#8217;edificio dell&#8217;ospizio<\/li>\n<li><strong>Riunire <\/strong>e<strong>\u00a0coordinare <\/strong>le iniziative pubbliche e private<\/li>\n<li>Cercare di ottenere i <strong>finanziamenti<\/strong> necessari<\/li>\n<li><strong>Partecipare <\/strong>alla nuova vita dell&#8217;edificio ristrutturato<\/li>\n<\/ul>\n<p>[\/vc_column_text][vc_empty_space][\/vc_column][\/vc_row][vc_row css_animation=&#8221;&#8221; row_type=&#8221;row&#8221; use_row_as_full_screen_section=&#8221;no&#8221; type=&#8221;full_width&#8221; angled_section=&#8221;no&#8221; text_align=&#8221;left&#8221; background_image_as_pattern=&#8221;without_pattern&#8221;][vc_column width=&#8221;1\/2&#8243;][vc_column_text]<\/p>\n<h2>Le sue azioni<\/h2>\n<p>[\/vc_column_text][vc_empty_space][vc_column_text]<\/p>\n<h2><\/h2>\n<ul>\n<li>L&#8217;associazione ha elaborato e difeso <strong>il progetto di restauro nel 1993<\/strong>, in stretta cooperazione con le amministrazioni locali e i rappresentanti politici, all&#8217;epoca : Michel Barnier, presidente del consiglio generale della Savoia e del SIVOM di Alta Tarantasia ; Pino Vauterin, sindaco di La Thuile ; Olivier Arpin, sindaco di S\u00e9ez.<\/li>\n<li>Ha partecipato alla prima fase dei <strong>lavori<\/strong>.<\/li>\n<li>Ha partecipato al funzionamento, <strong>all&#8217;animazione<\/strong> e alla <strong>promozione<\/strong> dell&#8217;edificio ristrutturato. (Esempio : gestiva l&#8217;Info Point nel 1995 e nel 1996)<\/li>\n<li>Il suo contributo finanziario al progetto \u00e8 stato di 150 000 \u20ac per un importo totale di 2 300 000 \u20ac.<\/li>\n<li>Ha vinto per le sue azioni il premio <span style=\"color: #04ce78;\">&#8220;Savoie Tradition Vivante&#8221; <\/span>nel 1998 e il premio <span style=\"color: #04ce78;\">&#8220;Saint-Bernard&#8221;<\/span> nel 2004.<\/li>\n<li>Si \u00e8 occupata di realizzare e finanziare il <strong>luogo spirituale<\/strong>, parte integrante del progetto iniziale.<\/li>\n<\/ul>\n<p>[\/vc_column_text][vc_empty_space][\/vc_column][vc_column width=&#8221;1\/2&#8243;][vc_column_text]<\/p>\n<h2>Le sue risorse finanziarie<\/h2>\n<p>[\/vc_column_text][vc_empty_space][vc_column_text]<\/p>\n<h2><\/h2>\n<ul>\n<li>I <strong>contributi<\/strong> dei suoi membri<\/li>\n<li>Le <strong>vendite<\/strong> delle opere publicate (brochure, opuscoli, schede escursionistiche).<\/li>\n<li>La partecipazione dei suoi <strong>Partner<\/strong> (sponsor, mecenati, varie donazioni\u2026).<\/li>\n<\/ul>\n<p>(L&#8217;associazione \u00e8 stata riconosciuta di interesse generale dal maggio 1999. Le partecipazioni finanziarie sono deducibili dalle tasse.)[\/vc_column_text][vc_empty_space][\/vc_column][\/vc_row][vc_row css_animation=&#8221;&#8221; row_type=&#8221;row&#8221; use_row_as_full_screen_section=&#8221;no&#8221; type=&#8221;full_width&#8221; angled_section=&#8221;no&#8221; text_align=&#8221;left&#8221; background_image_as_pattern=&#8221;without_pattern&#8221;][vc_column][vc_empty_space][vc_empty_space][vc_column_text]<\/p>\n<h2><\/h2>\n<p style=\"text-align: center;\"><strong>Association du Petit-Saint-Bernard\u00a0\u00a0 8 rue Saint-Pierre 73700 SEEZ<\/strong><\/p>\n<p style=\"text-align: center;\"><strong>Associazione legge 1901 \u2013JO del 20.07.1994- riconosciuta di interesse generale<\/strong><\/p>\n<p style=\"text-align: center;\"><strong>CCP\u00a0 273390W Grenoble<\/strong><\/p>\n<p>[\/vc_column_text][vc_empty_space][\/vc_column][\/vc_row]<\/p>\n<\/div>","protected":false},"excerpt":{"rendered":"<p>[vc_row css_animation=&#8221;&#8221; row_type=&#8221;row&#8221; use_row_as_full_screen_section=&#8221;no&#8221; type=&#8221;full_width&#8221; angled_section=&#8221;no&#8221; text_align=&#8221;left&#8221; background_image_as_pattern=&#8221;without_pattern&#8221;][vc_column][vc_empty_space][\/vc_column][\/vc_row][vc_row css_animation=&#8221;&#8221; row_type=&#8221;row&#8221; use_row_as_full_screen_section=&#8221;no&#8221; type=&#8221;full_width&#8221; angled_section=&#8221;no&#8221; text_align=&#8221;left&#8221; background_image_as_pattern=&#8221;without_pattern&#8221;][vc_column width=&#8221;2\/3&#8243;][vc_empty_space][vc_column_text] Associazione del Piccolo San Bernardo [\/vc_column_text][vc_empty_space][vc_column_text]L&#8217;associazione ringrazia tutti coloro che hanno contribuito alle foto di questo Web site, e in particolare Ren\u00e9 MUGNIER e Jean-Luc PENNA.[\/vc_column_text][vc_empty_space][\/vc_column][vc_column width=&#8221;1\/3&#8243;][vc_empty_space height=&#8221;16px&#8221;][vc_single_image image=&#8221;1329&#8243;&#8230;<\/p>\n","protected":false},"author":1,"featured_media":0,"parent":0,"menu_order":10,"comment_status":"closed","ping_status":"closed","template":"","meta":{"footnotes":""},"class_list":["post-1826","page","type-page","status-publish","hentry"],"_links":{"self":[{"href":"https:\/\/www.psbernard.com\/it\/wp-json\/wp\/v2\/pages\/1826","targetHints":{"allow":["GET"]}}],"collection":[{"href":"https:\/\/www.psbernard.com\/it\/wp-json\/wp\/v2\/pages"}],"about":[{"href":"https:\/\/www.psbernard.com\/it\/wp-json\/wp\/v2\/types\/page"}],"author":[{"embeddable":true,"href":"https:\/\/www.psbernard.com\/it\/wp-json\/wp\/v2\/users\/1"}],"replies":[{"embeddable":true,"href":"https:\/\/www.psbernard.com\/it\/wp-json\/wp\/v2\/comments?post=1826"}],"version-history":[{"count":5,"href":"https:\/\/www.psbernard.com\/it\/wp-json\/wp\/v2\/pages\/1826\/revisions"}],"predecessor-version":[{"id":2426,"href":"https:\/\/www.psbernard.com\/it\/wp-json\/wp\/v2\/pages\/1826\/revisions\/2426"}],"wp:attachment":[{"href":"https:\/\/www.psbernard.com\/it\/wp-json\/wp\/v2\/media?parent=1826"}],"curies":[{"name":"wp","href":"https:\/\/api.w.org\/{rel}","templated":true}]}}