{"id":1786,"date":"2020-06-01T15:16:36","date_gmt":"2020-06-01T15:16:36","guid":{"rendered":"https:\/\/www.psbernard.com\/acces-ete-hiver\/"},"modified":"2020-12-04T16:04:08","modified_gmt":"2020-12-04T16:04:08","slug":"accesso-estate-inverno","status":"publish","type":"page","link":"https:\/\/www.psbernard.com\/it\/accesso-estate-inverno\/","title":{"rendered":"Accesso estate-inverno"},"content":{"rendered":"<div class=\"wpb-content-wrapper\"><p>[vc_row css_animation=&#8221;&#8221; row_type=&#8221;row&#8221; use_row_as_full_screen_section=&#8221;no&#8221; type=&#8221;full_width&#8221; angled_section=&#8221;no&#8221; text_align=&#8221;left&#8221; background_image_as_pattern=&#8221;without_pattern&#8221;][vc_column][vc_empty_space][vc_column_text]<\/p>\n<h1>Accessibilit\u00e0 dell&#8217;ospizio<\/h1>\n<p>[\/vc_column_text][vc_empty_space][vc_column_text]Il Colle del Piccolo San Bernardo \u00e8 chiuso durante l&#8217;inverno perch\u00e9 \u00e8 molto innevato.<\/p>\n<p>Esso \u00e8 <strong>aperto ai veicoli<\/strong> da inizio <strong>giugno<\/strong> fino alle prime nevi del mese di novembre.<\/p>\n<p><strong>Informati bene <\/strong>sulle date di apertura <strong>prima di salire a giugno o a novembre<\/strong>. Apertura del colle del Piccolo San Bernardo <span style=\"color: #04ce78;\">da verificare sul sito <\/span><strong><a href=\"http:\/\/www.savoie-route.fr\">www.savoie-routes.fr<\/a><\/strong><\/p>\n<p>All&#8217;inizio di giugno, gli spazzaneve savoiardi e valdostani si raggiungono per permettere l&#8217;apertura del colle. I muri di neve sono a volte impressionanti.<\/p>\n<p>Durante l&#8217;inverno, la strada \u00e8 chiusa sul lato francese all&#8217;uscita della stazione sciistica di La Rosi\u00e8re, e sul lato italiano diventa una pista da sci che raggiunge la stazione di La Thuile. Non \u00e8 prudente avventurarsi da soli su queste strade in inverno, particolarmente dalla parte francese.<\/p>\n<p>Se vuoi <strong>raggiungere il colle in inverno<\/strong>, bisogna prendere <strong>gli impianti di risalita<\/strong>.<\/p>\n<p>L&#8217;ospizio si trova a 1km sotto il skilift di Bellecombe e a 1,6km del skilift Piccolo San Bernardo dalla parte italiana. L&#8217;ospizio \u00e8 chiuso durante l&#8217;inverno.[\/vc_column_text][vc_empty_space][\/vc_column][\/vc_row][vc_row css_animation=&#8221;&#8221; row_type=&#8221;row&#8221; use_row_as_full_screen_section=&#8221;no&#8221; type=&#8221;full_width&#8221; angled_section=&#8221;no&#8221; text_align=&#8221;left&#8221; background_image_as_pattern=&#8221;without_pattern&#8221;][vc_column width=&#8221;1\/2&#8243;][vc_single_image image=&#8221;1911&#8243; img_size=&#8221;large&#8221; alignment=&#8221;center&#8221; onclick=&#8221;link_image&#8221; qode_css_animation=&#8221;element_from_bottom&#8221; qode_hover_animation=&#8221;zoom_in&#8221;][vc_empty_space][\/vc_column][vc_column width=&#8221;1\/2&#8243;][vc_single_image image=&#8221;1787&#8243; img_size=&#8221;large&#8221; alignment=&#8221;center&#8221; onclick=&#8221;link_image&#8221; qode_css_animation=&#8221;element_from_bottom&#8221; qode_hover_animation=&#8221;zoom_in&#8221;][vc_empty_space][\/vc_column][\/vc_row]<\/p>\n<\/div>","protected":false},"excerpt":{"rendered":"<p>[vc_row css_animation=&#8221;&#8221; row_type=&#8221;row&#8221; use_row_as_full_screen_section=&#8221;no&#8221; type=&#8221;full_width&#8221; angled_section=&#8221;no&#8221; text_align=&#8221;left&#8221; background_image_as_pattern=&#8221;without_pattern&#8221;][vc_column][vc_empty_space][vc_column_text] Accessibilit\u00e0 dell&#8217;ospizio [\/vc_column_text][vc_empty_space][vc_column_text]Il Colle del Piccolo San Bernardo \u00e8 chiuso durante l&#8217;inverno perch\u00e9 \u00e8 molto innevato. Esso \u00e8 aperto ai veicoli da inizio giugno fino alle prime nevi del mese di novembre. Informati bene sulle date di&#8230;<\/p>\n","protected":false},"author":1,"featured_media":0,"parent":0,"menu_order":7,"comment_status":"closed","ping_status":"closed","template":"","meta":{"footnotes":""},"class_list":["post-1786","page","type-page","status-publish","hentry"],"_links":{"self":[{"href":"https:\/\/www.psbernard.com\/it\/wp-json\/wp\/v2\/pages\/1786","targetHints":{"allow":["GET"]}}],"collection":[{"href":"https:\/\/www.psbernard.com\/it\/wp-json\/wp\/v2\/pages"}],"about":[{"href":"https:\/\/www.psbernard.com\/it\/wp-json\/wp\/v2\/types\/page"}],"author":[{"embeddable":true,"href":"https:\/\/www.psbernard.com\/it\/wp-json\/wp\/v2\/users\/1"}],"replies":[{"embeddable":true,"href":"https:\/\/www.psbernard.com\/it\/wp-json\/wp\/v2\/comments?post=1786"}],"version-history":[{"count":5,"href":"https:\/\/www.psbernard.com\/it\/wp-json\/wp\/v2\/pages\/1786\/revisions"}],"predecessor-version":[{"id":1913,"href":"https:\/\/www.psbernard.com\/it\/wp-json\/wp\/v2\/pages\/1786\/revisions\/1913"}],"wp:attachment":[{"href":"https:\/\/www.psbernard.com\/it\/wp-json\/wp\/v2\/media?parent=1786"}],"curies":[{"name":"wp","href":"https:\/\/api.w.org\/{rel}","templated":true}]}}