{"id":1704,"date":"2020-06-02T09:16:10","date_gmt":"2020-06-02T09:16:10","guid":{"rendered":"https:\/\/www.psbernard.com\/la-geographie-du-col\/"},"modified":"2020-12-04T15:58:02","modified_gmt":"2020-12-04T15:58:02","slug":"la-geografia-del-colle","status":"publish","type":"page","link":"https:\/\/www.psbernard.com\/it\/la-geografia-del-colle\/","title":{"rendered":"La geografia del colle"},"content":{"rendered":"<div class=\"wpb-content-wrapper\"><p>[vc_row css_animation=&#8221;&#8221; row_type=&#8221;row&#8221; use_row_as_full_screen_section=&#8221;no&#8221; type=&#8221;full_width&#8221; angled_section=&#8221;no&#8221; text_align=&#8221;left&#8221; background_image_as_pattern=&#8221;without_pattern&#8221;][vc_column][vc_empty_space][vc_column_text]<\/p>\n<h1><strong>Geologia<\/strong><\/h1>\n<p>[\/vc_column_text][vc_empty_space][vc_column_text]Info e mappe : Gilles De Broucker, geologo.<\/p>\n<p>&nbsp;<\/p>\n<p>Il <span style=\"color: #04ce78;\">colle del Piccolo San Bernardo<\/span> si trova all&#8217;incrocio di diversi <strong>elementi geologici<\/strong><strong>\u00a0<\/strong>caratteristici della <strong>geologia alpina<\/strong> :<\/p>\n<p>&nbsp;<\/p>\n<ul>\n<li>sul lato sud (Monte Belvedere), le rocce sono dell&#8217;<strong>arenaria<\/strong>\u00a0e dei <strong>conglomerati di lamelle di Mica<\/strong>, originati dall&#8217;<strong>erosione<\/strong> di una catena montuosa molto antica (320 milioni di anni).<\/li>\n<li>sul lato nord-ovest, il roc de Belleface e la pointe de Lancebranlette sono rispettivamente di <strong>calcarea nera<\/strong> e di <strong>calcescisto<\/strong>, che si sono formati dentro delle <span style=\"font-weight: 400;\">fosse tettoniche del <strong>mare alpino<\/strong> che copriva il territorio 170 milioni di anni fa.\u00a0\u00a0<\/span><\/li>\n<li>sul lato nord-est, la pointe rousse \u00e8 una <strong>scaglia di granito<\/strong> che proviene da un <strong>microcontinente<\/strong> (chiamato Brianzonese), vecchia di 267 milioni di anni. \u00c8 circondata da <strong>vari tipi di roccia<\/strong> (basalto, gneiss, serpentinite, gabbro&#8230;). Essa ha vissuto l&#8217;apertura e la chiusura di un <strong>piccolo oceano<\/strong> (l&#8217;oceano vallese) 80 milioni di anni fa.<\/li>\n<\/ul>\n<p>&nbsp;<\/p>\n<p>Questa diversit\u00e0 delle rocce, sia acide che basiche, implica che c&#8217;\u00e8 una grande diversit\u00e0 vegetale in questa zona di praterie alpine.[\/vc_column_text][\/vc_column][\/vc_row][vc_row css_animation=&#8221;&#8221; row_type=&#8221;row&#8221; use_row_as_full_screen_section=&#8221;no&#8221; type=&#8221;full_width&#8221; angled_section=&#8221;no&#8221; text_align=&#8221;left&#8221; background_image_as_pattern=&#8221;without_pattern&#8221;][vc_column][vc_empty_space][vc_single_image image=&#8221;759&#8243; img_size=&#8221;full&#8221; alignment=&#8221;center&#8221; onclick=&#8221;link_image&#8221; qode_css_animation=&#8221;element_from_bottom&#8221;][vc_empty_space][\/vc_column][\/vc_row][vc_row css_animation=&#8221;&#8221; row_type=&#8221;row&#8221; use_row_as_full_screen_section=&#8221;no&#8221; type=&#8221;full_width&#8221; angled_section=&#8221;no&#8221; text_align=&#8221;left&#8221; background_image_as_pattern=&#8221;without_pattern&#8221;][vc_column width=&#8221;1\/2&#8243;][vc_column_text]<\/p>\n<h1><strong>Spazi naturali <\/strong><\/h1>\n<p>[\/vc_column_text][vc_empty_space][vc_column_text]A <strong>2200 m di altitudine<\/strong>, l&#8217;altopiano del Piccolo San Bernardo \u00e8 una\u00a0<strong>zona umida\u00a0<\/strong>che \u00e8 proprio notevole. Diversi fattori ecologici ci contribuiscono : <strong>modellamento glaciale<\/strong>, natura del\u00a0<strong>terreno<\/strong>, origine delle\u00a0<strong>rocce, <\/strong>presenza di<strong>\u00a0acqua\u00a0<\/strong>(ruscelli, laghi, torbiere e paludi), condizioni climatiche.<\/p>\n<p>Di conseguenza, gran parte dell&#8217;<strong>altopiano \u00e8 inclusa nella rete <\/strong>&#8220;<span style=\"color: #04ce78;\">Natura 2000<\/span>&#8221; ed \u00e8 protetta. Vi si trovano delle specie notevoli come il <strong>giunco artico<\/strong> e\u00a0<strong>carice bicolore<\/strong>.<\/p>\n<p><strong>3 laghi<\/strong> notevoli si trovano a qualche minuto a piedi dal colle : il\u00a0<strong>lago Longet<\/strong>, il\u00a0<strong>lago sans fond <\/strong>(lago senza fondo) e il\u00a0<strong>lago Verney <\/strong>(cfr. <a href=\"https:\/\/www.psbernard.com\/circuits-de-randonnees\/\">percorso di scoperta<\/a>).[\/vc_column_text][\/vc_column][vc_column width=&#8221;1\/2&#8243;][vc_single_image image=&#8221;1896&#8243; img_size=&#8221;large&#8221; alignment=&#8221;center&#8221; onclick=&#8221;link_image&#8221; qode_css_animation=&#8221;element_from_bottom&#8221; qode_hover_animation=&#8221;zoom_in&#8221;][\/vc_column][\/vc_row][vc_row css_animation=&#8221;&#8221; row_type=&#8221;row&#8221; use_row_as_full_screen_section=&#8221;no&#8221; type=&#8221;full_width&#8221; angled_section=&#8221;no&#8221; text_align=&#8221;left&#8221; background_image_as_pattern=&#8221;without_pattern&#8221;][vc_column][vc_empty_space][vc_column_text]<\/p>\n<h1><b>Particolarit\u00e0 climatica del colle<\/b><\/h1>\n<p>[\/vc_column_text][vc_empty_space][vc_column_text]La <strong>Alta Tarantasia<\/strong> (Haute Tarentaise) \u00e8 sotto l&#8217;influenza di un <span style=\"color: #04ce78;\">clima intra-alpino <\/span>che si caratterizza da una relativa <strong>siccit\u00e0 di fondi valle<\/strong>. Questa caratteristica \u00e8 accentuata dalla presenza del colle del piccolo San Bernardo. Infatti, quando un sistema di <strong>bassa pressione<\/strong> \u00e8 presente sul Mediterraneo,<\/p>\n<p>un effetto di Foehn (o favonio) : le masse d&#8217;aria umida arrivano dal lato italiano e, incontrando le montagne, sono costrette a salire. Di conseguenza, l&#8217;aria si raffredda e si carica di umidit\u00e0, poi diventa satura, <strong>le precipitazioni si formano in altitudine<\/strong>. Quando l&#8217;aria raggiugne la sommit\u00e0 della montagna, l&#8217;aria scende dall&#8217;altro lato riscaldandosi. Nel fondovalle, il vento che soffia \u00e8 turbolento, secco e caldo : si chiama il foehn, chiamato anche &#8220;l&#8217;oura&#8221; o &#8220;il San Bernardo&#8221; dagli abitanti di Tarantasia.[\/vc_column_text][vc_empty_space][\/vc_column][\/vc_row][vc_row css_animation=&#8221;&#8221; row_type=&#8221;row&#8221; use_row_as_full_screen_section=&#8221;no&#8221; type=&#8221;full_width&#8221; angled_section=&#8221;no&#8221; text_align=&#8221;left&#8221; background_image_as_pattern=&#8221;without_pattern&#8221;][vc_column width=&#8221;1\/2&#8243;][vc_column_text]<\/p>\n<h1><strong>Vita pastorale su entrambi i lati del confine<\/strong><\/h1>\n<p>[\/vc_column_text][vc_empty_space][vc_column_text]Le prime\u00a0<strong>popolazioni, i Ceutroni e i Salassi, <\/strong>gi\u00e0 erano dei <strong>pastori<\/strong> e la\u00a0<strong>pastorizia\u00a0<\/strong>\u00e8 un&#8217;antichissima <strong>tradizione <\/strong>su\u00a0entrambi i lati del confine<\/p>\n<p>La consuetudine di <strong>portare il bestiame sull&#8217;Alpa<\/strong> nell&#8217;estate costituisce i momenti forti della vita pastorale. La parola &#8220;alpa&#8221; (o alp, arp, aup&#8230;) proviene dalla <strong>lingua celtica<\/strong>.<\/p>\n<p>Nel corso del tempo, da entrambe le valli, l&#8217;occupazione degli<strong> alpeggi <\/strong>si \u00e8 evoluta in <strong>3 principali tipi\u00a0<\/strong>ancora esistenti : montagna in comune, montagne comunale o montagna privata.<\/p>\n<p>La vita nei alpeggi \u00e8 ritmata dalle transumanze, <strong>migrazioni dei uomini e del bestiame <\/strong>in funzione delle risorse di foraggi, che \u00e8 fatto in pi\u00f9 fasi dalla primavera alla fine dell&#8217;autunno. Dalla San Giovanni alla San Michele, <strong>uomini e bestiame si trovano<\/strong> nella grande montagna nei alpeggi d&#8217;altitudine.<\/p>\n<p>Una <strong>tradizione casearia<\/strong>, a partire da latte d&#8217;alpeggio, esiste da lungo tempo in Valdigne e in Haute-Tarentaise. Ancor oggi, gli abitanti di queste valli valorizzano il latte producendo le loro specialit\u00e0 :\u00a0<strong>la fontina e il beaufort<\/strong>.<\/p>\n<p>Il bestiame \u00e8 composto da <strong>Tarine e Abondance<\/strong> da parte francese, per la produzione del beaufort, e le <strong>pezzate rosse e nere<\/strong> da parte italiana per la fontina.[\/vc_column_text][vc_empty_space][\/vc_column][vc_column width=&#8221;1\/2&#8243;][vc_single_image image=&#8221;770&#8243; img_size=&#8221;large&#8221; alignment=&#8221;center&#8221; onclick=&#8221;link_image&#8221; qode_css_animation=&#8221;element_from_bottom&#8221; qode_hover_animation=&#8221;zoom_in&#8221;][vc_empty_space][\/vc_column][\/vc_row][vc_row css_animation=&#8221;&#8221; row_type=&#8221;row&#8221; use_row_as_full_screen_section=&#8221;no&#8221; type=&#8221;full_width&#8221; angled_section=&#8221;no&#8221; text_align=&#8221;left&#8221; background_image_as_pattern=&#8221;without_pattern&#8221;][vc_column][vc_column_text]<\/p>\n<h2><strong>La festa dei pastori con i combattimenti delle mucche<\/strong><\/h2>\n<p>[\/vc_column_text][vc_empty_space][\/vc_column][\/vc_row][vc_row css_animation=&#8221;&#8221; row_type=&#8221;row&#8221; use_row_as_full_screen_section=&#8221;no&#8221; type=&#8221;full_width&#8221; angled_section=&#8221;no&#8221; text_align=&#8221;left&#8221; background_image_as_pattern=&#8221;without_pattern&#8221;][vc_column width=&#8221;3\/5&#8243;][vc_column_text]Ogni anno alla fine di agosto, aveva luogo sul colle <span style=\"color: #04ce78;\">la festa dei pastori<\/span>. In tale occasione avvengono dei <strong>combattimenti delle mucche<\/strong>.<\/p>\n<p>Le mucche hanno tra di loro un <strong>comportamento spontaneamente combattivo<\/strong>, che si esprime entro il <strong>bestiame<\/strong>. Permette di liberare la loro aggressivit\u00e0 e il loro <strong>desiderio di potere<\/strong>. Gradualmente dei combattimenti sono stati istituiti dai pastori per il loro divertimento. Nel 1947, dopo le vicissitudini legate alla guerra, i valdostani tentarono di valorizzare le vecchie tradizioni della regione, che avevano bloccato nel periodo fascista, e un gruppo di pastori organizz\u00f2 i primi scontri ad Aosta. I combattimenti iniziarono a farsi conoscere con l&#8217;organizzazione di incontri di eliminazione in ogni valle. In ogni categoria, <strong>la vincitrice riceve una bella collana in pelle<\/strong> con la <strong>grande campana\u00a0<\/strong><strong>lavorata sapientemente a mano<\/strong>.[\/vc_column_text][vc_empty_space][\/vc_column][vc_column width=&#8221;2\/5&#8243;][vc_single_image image=&#8221;773&#8243; img_size=&#8221;large&#8221; alignment=&#8221;center&#8221; onclick=&#8221;link_image&#8221; qode_css_animation=&#8221;element_from_bottom&#8221; qode_hover_animation=&#8221;zoom_in&#8221;][vc_empty_space][\/vc_column][\/vc_row][vc_row css_animation=&#8221;&#8221; row_type=&#8221;row&#8221; use_row_as_full_screen_section=&#8221;no&#8221; type=&#8221;full_width&#8221; angled_section=&#8221;no&#8221; text_align=&#8221;left&#8221; background_image_as_pattern=&#8221;without_pattern&#8221;][vc_column][vc_column_text]Il principio di questi combattimenti \u00e8 abbastanza semplice : la mucca che smette di combattere ha perso &#8230; !<\/p>\n<p>Questi combattimenti hanno un reale impatto economico, sia per i proprietari di mucche, che per la selezione delle razze e la valorizzazione dell&#8217;agricoltura presso il turismo e il commercio.[\/vc_column_text][vc_empty_space][\/vc_column][\/vc_row][vc_row css_animation=&#8221;&#8221; row_type=&#8221;row&#8221; use_row_as_full_screen_section=&#8221;no&#8221; type=&#8221;full_width&#8221; angled_section=&#8221;no&#8221; text_align=&#8221;left&#8221; background_image_as_pattern=&#8221;without_pattern&#8221;][vc_column width=&#8221;1\/2&#8243;][vc_column_text]<\/p>\n<h1><strong>Sport invernali<\/strong><\/h1>\n<p>[\/vc_column_text][vc_empty_space][vc_column_text]Anche se \u00e8 <strong>chiuso durante l&#8217;inverno<\/strong>, il colle \u00e8 al centro di un grande comprensorio sciistico sul confine italo-francese, <span style=\"color: #04ce78;\">l\u2019espace San Bernardo<\/span>,\u00a0<strong>160 km di piste\u00a0<\/strong>con un\u00a0<strong>panorama eccezionale\u00a0<\/strong>sul massiccio del Monte Bianco e 2 stazioni sciistiche : la Rosi\u00e8re e la Thuile d\u2019Aosta.<\/p>\n<p>Il vento e il terreno aperto e pianeggiante permette anche <strong>la pratica del<\/strong><strong> kite-sci e del kite-surf<\/strong>, diventando sempre pi\u00f9 popolari. <a href=\"https:\/\/letskite.ch\/spots\/78\/snowkite\/col-du-petit-st-bernard\/\">Scopri il kite-sci e il kite-surf !<\/a>[\/vc_column_text][vc_empty_space]<a  itemprop=\"url\" href=\"https:\/\/letskite.ch\/spots\/78\/snowkite\/col-du-petit-st-bernard\/\" target=\"_self\"  class=\"qbutton  default\" style=\"\">Fai del kite<\/a>[vc_empty_space][\/vc_column][vc_column width=&#8221;1\/2&#8243;][vc_single_image image=&#8221;780&#8243; img_size=&#8221;large&#8221; alignment=&#8221;center&#8221; onclick=&#8221;link_image&#8221; qode_css_animation=&#8221;element_from_bottom&#8221; qode_hover_animation=&#8221;zoom_in&#8221;][vc_empty_space][\/vc_column][\/vc_row][vc_row css_animation=&#8221;&#8221; row_type=&#8221;row&#8221; use_row_as_full_screen_section=&#8221;no&#8221; type=&#8221;full_width&#8221; angled_section=&#8221;no&#8221; text_align=&#8221;left&#8221; background_image_as_pattern=&#8221;without_pattern&#8221;][vc_column width=&#8221;1\/2&#8243;][vc_single_image image=&#8221;1138&#8243; img_size=&#8221;large&#8221; alignment=&#8221;center&#8221; onclick=&#8221;link_image&#8221; qode_css_animation=&#8221;element_from_bottom&#8221; qode_hover_animation=&#8221;zoom_in&#8221;][vc_empty_space][\/vc_column][vc_column width=&#8221;1\/2&#8243;][vc_single_image image=&#8221;779&#8243; img_size=&#8221;large&#8221; alignment=&#8221;center&#8221; onclick=&#8221;link_image&#8221; qode_css_animation=&#8221;element_from_bottom&#8221; qode_hover_animation=&#8221;zoom_in&#8221;][vc_empty_space][\/vc_column][\/vc_row]<\/p>\n<\/div>","protected":false},"excerpt":{"rendered":"<p>[vc_row css_animation=&#8221;&#8221; row_type=&#8221;row&#8221; use_row_as_full_screen_section=&#8221;no&#8221; type=&#8221;full_width&#8221; angled_section=&#8221;no&#8221; text_align=&#8221;left&#8221; background_image_as_pattern=&#8221;without_pattern&#8221;][vc_column][vc_empty_space][vc_column_text] Geologia [\/vc_column_text][vc_empty_space][vc_column_text]Info e mappe : Gilles De Broucker, geologo. &nbsp; Il colle del Piccolo San Bernardo si trova all&#8217;incrocio di diversi elementi geologici\u00a0caratteristici della geologia alpina : &nbsp; sul lato sud (Monte Belvedere), le rocce sono dell&#8217;arenaria\u00a0e&#8230;<\/p>\n","protected":false},"author":1,"featured_media":0,"parent":0,"menu_order":3,"comment_status":"closed","ping_status":"closed","template":"","meta":{"footnotes":""},"class_list":["post-1704","page","type-page","status-publish","hentry"],"_links":{"self":[{"href":"https:\/\/www.psbernard.com\/it\/wp-json\/wp\/v2\/pages\/1704","targetHints":{"allow":["GET"]}}],"collection":[{"href":"https:\/\/www.psbernard.com\/it\/wp-json\/wp\/v2\/pages"}],"about":[{"href":"https:\/\/www.psbernard.com\/it\/wp-json\/wp\/v2\/types\/page"}],"author":[{"embeddable":true,"href":"https:\/\/www.psbernard.com\/it\/wp-json\/wp\/v2\/users\/1"}],"replies":[{"embeddable":true,"href":"https:\/\/www.psbernard.com\/it\/wp-json\/wp\/v2\/comments?post=1704"}],"version-history":[{"count":5,"href":"https:\/\/www.psbernard.com\/it\/wp-json\/wp\/v2\/pages\/1704\/revisions"}],"predecessor-version":[{"id":1901,"href":"https:\/\/www.psbernard.com\/it\/wp-json\/wp\/v2\/pages\/1704\/revisions\/1901"}],"wp:attachment":[{"href":"https:\/\/www.psbernard.com\/it\/wp-json\/wp\/v2\/media?parent=1704"}],"curies":[{"name":"wp","href":"https:\/\/api.w.org\/{rel}","templated":true}]}}