{"id":1565,"date":"2020-06-02T07:48:20","date_gmt":"2020-06-02T07:48:20","guid":{"rendered":"https:\/\/www.psbernard.com\/histoire-de-l-hospice\/"},"modified":"2020-11-08T09:55:32","modified_gmt":"2020-11-08T09:55:32","slug":"storia-dell-ospizio","status":"publish","type":"page","link":"https:\/\/www.psbernard.com\/it\/storia-dell-ospizio\/","title":{"rendered":"La storia dell&#8217;ospizio"},"content":{"rendered":"<div class=\"wpb-content-wrapper\"><p>[vc_row css_animation=&#8221;&#8221; row_type=&#8221;row&#8221; use_row_as_full_screen_section=&#8221;no&#8221; type=&#8221;full_width&#8221; angled_section=&#8221;no&#8221; text_align=&#8221;left&#8221; background_image_as_pattern=&#8221;without_pattern&#8221;][vc_column width=&#8221;2\/3&#8243;][vc_empty_space][vc_column_text]<\/p>\n<h1><strong>La storia dell\u2019ospizio San Bernardo<\/strong><\/h1>\n<p>[\/vc_column_text][vc_empty_space][vc_column_text]<\/p>\n<h2><strong>L\u2019arcidiacono San Bernardo <\/strong><\/h2>\n<p>[\/vc_column_text][vc_empty_space][vc_column_text]<span style=\"font-weight: 400;\"><span style=\"color: #04ce78;\">San Bernardo<\/span>, arcidiacono di Aosta, intorno al 1050 avrebbe stabilito al Mont-Joux (denominazione precedente del Colle del Gran San Bernardo) <\/span><b>un ospizio e una chiesa <\/b><span style=\"font-weight: 400;\">servita da religiosi dipendenti dal monastero di San Pietro nel Vallese. Secondo la leggenda, avrebbe poi fondato un nuovo ospizio a Colonne-Jou (denominazione precedente del colle del Piccolo San Bernardo).<\/span>[\/vc_column_text][vc_empty_space][vc_column_text]<span style=\"font-weight: 400;\">Attraverso queste costruzioni, San Bernardo ristabilisce la sicurezza sui due grandi passi alpini, assicurando ospitalit\u00e0 e servizio del culto. <\/span>[\/vc_column_text][\/vc_column][vc_column width=&#8221;1\/3&#8243;][vc_empty_space][vc_row_inner row_type=&#8221;row&#8221; type=&#8221;full_width&#8221; text_align=&#8221;left&#8221; css_animation=&#8221;&#8221;][vc_column_inner css=&#8221;.vc_custom_1591778654935{background-color: #ffffff !important;}&#8221;][vc_single_image image=&#8221;992&#8243; img_size=&#8221;large&#8221; alignment=&#8221;center&#8221; qode_css_animation=&#8221;element_from_bottom&#8221; qode_hover_animation=&#8221;zoom_in&#8221;][vc_empty_space height=&#8221;16px&#8221;][vc_column_text]<\/p>\n<p style=\"text-align: center;\"><span style=\"font-weight: 400;\">La parola <\/span><b>ospizio<\/b><span style=\"font-weight: 400;\"> designa una casa di accoglienza per tutti i bisognosi che possono aspirare al vitto e l\u2019alloggio.\u00a0<\/span><\/p>\n<p>[\/vc_column_text][vc_empty_space][\/vc_column_inner][\/vc_row_inner][vc_empty_space][\/vc_column][\/vc_row][vc_row css_animation=&#8221;&#8221; row_type=&#8221;row&#8221; use_row_as_full_screen_section=&#8221;no&#8221; type=&#8221;full_width&#8221; angled_section=&#8221;no&#8221; text_align=&#8221;left&#8221; background_image_as_pattern=&#8221;without_pattern&#8221;][vc_column width=&#8221;1\/3&#8243;][vc_single_image image=&#8221;1000&#8243; img_size=&#8221;large&#8221; add_caption=&#8221;yes&#8221; alignment=&#8221;center&#8221; onclick=&#8221;link_image&#8221; qode_css_animation=&#8221;element_from_bottom&#8221; qode_hover_animation=&#8221;zoom_in&#8221;][vc_empty_space][\/vc_column][vc_column width=&#8221;2\/3&#8243;][vc_empty_space][vc_column_text]<span style=\"font-weight: 400;\">L\u2019ospizio di Colonne-Jou fu affidato nel 1113 all\u2019ordine dei monaci di Saint-Gilles di Verr\u00e8s. Eppure, intorno a quell\u2019epoca l&#8217;edificio rischiava di cadere in rovina, e San Pietro II, arcivescovo di Tarantasia, avrebbe abbandonato la costruzione originale per farne costruire un altro 1 chilometro pi\u00f9 a sud dove si trova attualmente.<\/span><\/p>\n<p>&nbsp;<\/p>\n<p><span style=\"font-weight: 400;\">Intorno al 1466 e fino al 1752, l\u2019ospizio fu unito al priore di Gran San Bernardo, e gestito dai monaci agostiniani del passo.<\/span><\/p>\n<p>&nbsp;<\/p>\n<p><span style=\"font-weight: 400;\">Purtroppo l\u2019edificio \u00e8 stato rovinato pi\u00f9 volte dalle truppe francesi e spagnole che attraversavano il passo. Jean Duclos, priore della chiesa di S\u00e9ez, ha avviato una ricostruzione notevole dopo il 1691.<\/span>[\/vc_column_text][vc_empty_space][vc_column_text]<\/p>\n<h2><strong>L\u2019Ordine Mauriziano <\/strong><\/h2>\n<p>[\/vc_column_text][vc_empty_space][vc_column_text]<span style=\"font-weight: 400;\">Dopo il 1752, <span style=\"color: #04ce78;\">l&#8217;Ordine dei Santi Maurizio e Lazzaro <\/span>prende possesso dell&#8217;edificio, a causa della separazione tra Vallese e Savoia.\u00a0<\/span><\/p>\n<p><span style=\"font-weight: 400;\">Ancora oggi <strong>l\u2019emblema con le 2 croci<\/strong> sostituisce le facciate dell&#8217;edificio lo stemma con le 2 colonne, mostrando che da allora il proprietario del luogo si chiama <strong>Ordine Mauriziano<\/strong>. <\/span>[\/vc_column_text][\/vc_column][\/vc_row][vc_row css_animation=&#8221;&#8221; row_type=&#8221;row&#8221; use_row_as_full_screen_section=&#8221;no&#8221; type=&#8221;full_width&#8221; angled_section=&#8221;no&#8221; text_align=&#8221;left&#8221; background_image_as_pattern=&#8221;without_pattern&#8221;][vc_column width=&#8221;1\/2&#8243;][vc_single_image image=&#8221;1011&#8243; img_size=&#8221;414&#215;615&#8243; add_caption=&#8221;yes&#8221; alignment=&#8221;center&#8221; onclick=&#8221;link_image&#8221; qode_css_animation=&#8221;element_from_bottom&#8221; qode_hover_animation=&#8221;zoom_in&#8221;][vc_empty_space][\/vc_column][vc_column width=&#8221;1\/2&#8243;][vc_single_image image=&#8221;1010&#8243; img_size=&#8221;large&#8221; add_caption=&#8221;yes&#8221; qode_css_animation=&#8221;&#8221;][vc_empty_space][vc_column_text]<span style=\"font-weight: 400;\">La rivoluzione francese e l\u2019occupazione napoleonica rovinavano l\u2019ospizio di nuovo nel 1812. L\u2019edificio fu ricostruito tra il 1826 e il 1836 sotto l\u2019impulso del commendatore dell&#8217;Ordine Mauriziano, Aim\u00e9 di Entr\u00e8ves e poi conobbe un periodo di prosperit\u00e0. <\/span><\/p>\n<p>&nbsp;<\/p>\n<p><span style=\"font-weight: 400;\">Una grande frequentazione poi impose l\u2019espansione dell\u2019edificio per portarlo alla sua dimensione attuale.\u00a0<\/span>[\/vc_column_text][vc_empty_space][\/vc_column][\/vc_row][vc_row css_animation=&#8221;&#8221; row_type=&#8221;row&#8221; use_row_as_full_screen_section=&#8221;no&#8221; type=&#8221;full_width&#8221; angled_section=&#8221;no&#8221; text_align=&#8221;left&#8221; background_image_as_pattern=&#8221;without_pattern&#8221;][vc_column width=&#8221;1\/2&#8243;][vc_single_image image=&#8221;924&#8243; img_size=&#8221;large&#8221; add_caption=&#8221;yes&#8221; alignment=&#8221;center&#8221; onclick=&#8221;link_image&#8221; qode_css_animation=&#8221;element_from_bottom&#8221; qode_hover_animation=&#8221;zoom_in&#8221;][vc_empty_space][\/vc_column][vc_column width=&#8221;1\/2&#8243;][vc_single_image image=&#8221;925&#8243; img_size=&#8221;large&#8221; add_caption=&#8221;yes&#8221; alignment=&#8221;center&#8221; onclick=&#8221;link_image&#8221; qode_css_animation=&#8221;element_from_bottom&#8221; qode_hover_animation=&#8221;zoom_in&#8221;][vc_empty_space][\/vc_column][\/vc_row][vc_row css_animation=&#8221;&#8221; row_type=&#8221;row&#8221; use_row_as_full_screen_section=&#8221;no&#8221; type=&#8221;full_width&#8221; angled_section=&#8221;no&#8221; text_align=&#8221;left&#8221; background_image_as_pattern=&#8221;without_pattern&#8221;][vc_column width=&#8221;1\/6&#8243;][\/vc_column][vc_column width=&#8221;4\/6&#8243;][vc_single_image image=&#8221;1101&#8243; img_size=&#8221;large&#8221; add_caption=&#8221;yes&#8221; alignment=&#8221;center&#8221; onclick=&#8221;link_image&#8221; qode_css_animation=&#8221;element_from_bottom&#8221; qode_hover_animation=&#8221;zoom_in&#8221;][vc_empty_space][\/vc_column][vc_column width=&#8221;1\/6&#8243;][\/vc_column][\/vc_row][vc_row css_animation=&#8221;&#8221; row_type=&#8221;row&#8221; use_row_as_full_screen_section=&#8221;no&#8221; type=&#8221;full_width&#8221; angled_section=&#8221;no&#8221; text_align=&#8221;left&#8221; background_image_as_pattern=&#8221;without_pattern&#8221;][vc_column width=&#8221;2\/3&#8243;][vc_column_text]<\/p>\n<h2><strong>L\u2019Abate Pietro Chanoux, \u201cl\u2019angelo della montagna\u201d\u00a0 <\/strong><\/h2>\n<p>[\/vc_column_text][vc_empty_space][vc_column_text]<span style=\"font-weight: 400;\">Nel 1860 arriva un<strong> personaggio emblematico<\/strong> dell\u2019ospizio, <span style=\"color: #04ce78;\">l\u2019Abate Pietro Chanoux<\/span>, nominato l\u2019angelo della montagna. Ha garantito, sia in estate che in inverno, l\u2019ospitalit\u00e0 per 50 anni, accompagnato da Ruitor, il suo fedele cane San Bernardo<\/span><span style=\"font-weight: 400;\">.<\/span><\/p>\n<p>&nbsp;<\/p>\n<p><strong><span style=\"font-weight: 400;\"><strong>\u201cL\u2019amico dei fiori, degli uomini e dell\u2019Alpe\u201c<\/strong> fond\u00f2 anche un <strong>giardino alpino<\/strong> e fece vietare la caccia attorno al passo. Mor\u00ec lass\u00f9 all&#8217;et\u00e0 di 80 anni nel 1909. Riposa nella Cappella situata accanto al giardino alpino.<\/span><\/strong>[\/vc_column_text][vc_empty_space][vc_column_text]<\/p>\n<h2><strong>L\u2019ospizio durante il XX secolo : devastato poi ricostruito<\/strong><\/h2>\n<p>[\/vc_column_text][vc_empty_space][vc_column_text]<span style=\"font-weight: 400;\">Nel 1920 l\u2019ospizio batte batt\u00e8 un nuovo record di frequentazione con 21021 passaggi, di cui oltre 500 in inverno. <\/span><\/p>\n<p>&nbsp;<\/p>\n<p><span style=\"font-weight: 400;\">Il colle del Piccolo San Bernardo \u00e8 afflitto da duri scontri durante la <strong>seconda guerra mondiale<\/strong>, e il rettore Camos fu costretto a fuggire in esilio. L\u2019edificio fu devastato.<\/span><\/p>\n<p>&nbsp;<\/p>\n<p><span style=\"font-weight: 400;\">Le rovine dell\u2019edificio furono poi abbandonate per un lungo tempo tra i meandri delle controversie giuridiche tra Francia e Italia. <\/span>[\/vc_column_text][vc_empty_space][\/vc_column][vc_column width=&#8221;1\/3&#8243;][vc_single_image image=&#8221;1016&#8243; img_size=&#8221;large&#8221; add_caption=&#8221;yes&#8221; alignment=&#8221;center&#8221; onclick=&#8221;link_image&#8221; qode_css_animation=&#8221;element_from_bottom&#8221; qode_hover_animation=&#8221;zoom_in&#8221;][vc_empty_space][\/vc_column][\/vc_row][vc_row css_animation=&#8221;&#8221; row_type=&#8221;row&#8221; use_row_as_full_screen_section=&#8221;no&#8221; type=&#8221;full_width&#8221; angled_section=&#8221;no&#8221; text_align=&#8221;left&#8221; background_image_as_pattern=&#8221;without_pattern&#8221;][vc_column][vc_column_text]<span style=\"font-weight: 400;\">Dato che <strong>le rovine erano troppo pericolanti<\/strong>, nel 1982 il sindaco di S\u00e9ez prese la decisione di invitare il proprietario a <strong>demolire l\u2019edificio<\/strong>, suscitando un grande scalpore tra le popolazioni limitrofe. Nel 1985 ci fu una cooperazione tra i Rotary club italiani e francesi, ebbe inizio cos\u00ec <strong>la riabilitazione dell&#8217;edificio<\/strong>.<\/span><\/p>\n<p><span style=\"font-weight: 400;\">Fu cos\u00ec che <strong>dall&#8217;estate 1995<\/strong>, l&#8217;ospizio torn\u00f2 ad essere <span style=\"color: #04ce78;\">rinnovato ed attrezzato<\/span>, quello che era : <strong>l\u2019anima del colle del Piccolo San Bernardo<\/strong>.<\/span>[\/vc_column_text][vc_empty_space][\/vc_column][\/vc_row][vc_row css_animation=&#8221;&#8221; row_type=&#8221;row&#8221; use_row_as_full_screen_section=&#8221;no&#8221; type=&#8221;full_width&#8221; angled_section=&#8221;no&#8221; text_align=&#8221;left&#8221; background_image_as_pattern=&#8221;without_pattern&#8221;][vc_column width=&#8221;1\/3&#8243;][vc_single_image image=&#8221;931&#8243; img_size=&#8221;large&#8221; add_caption=&#8221;yes&#8221; alignment=&#8221;center&#8221; onclick=&#8221;link_image&#8221; qode_css_animation=&#8221;element_from_bottom&#8221; qode_hover_animation=&#8221;zoom_in&#8221;][vc_empty_space][\/vc_column][vc_column width=&#8221;1\/3&#8243;][vc_single_image image=&#8221;1022&#8243; img_size=&#8221;large&#8221; add_caption=&#8221;yes&#8221; alignment=&#8221;center&#8221; onclick=&#8221;link_image&#8221; qode_css_animation=&#8221;element_from_bottom&#8221; qode_hover_animation=&#8221;zoom_in&#8221;][vc_empty_space][\/vc_column][vc_column width=&#8221;1\/3&#8243;][vc_single_image image=&#8221;1027&#8243; img_size=&#8221;large&#8221; add_caption=&#8221;yes&#8221; alignment=&#8221;center&#8221; onclick=&#8221;link_image&#8221; qode_css_animation=&#8221;element_from_bottom&#8221; qode_hover_animation=&#8221;zoom_in&#8221;][vc_empty_space][\/vc_column][\/vc_row][vc_row css_animation=&#8221;&#8221; row_type=&#8221;row&#8221; use_row_as_full_screen_section=&#8221;no&#8221; type=&#8221;full_width&#8221; angled_section=&#8221;no&#8221; text_align=&#8221;left&#8221; background_image_as_pattern=&#8221;without_pattern&#8221;][vc_column width=&#8221;1\/3&#8243;][vc_single_image image=&#8221;1025&#8243; img_size=&#8221;large&#8221; add_caption=&#8221;yes&#8221; alignment=&#8221;center&#8221; onclick=&#8221;link_image&#8221; qode_css_animation=&#8221;element_from_bottom&#8221; qode_hover_animation=&#8221;zoom_in&#8221;][vc_empty_space][\/vc_column][vc_column width=&#8221;1\/3&#8243;][vc_single_image image=&#8221;1029&#8243; img_size=&#8221;large&#8221; add_caption=&#8221;yes&#8221; alignment=&#8221;center&#8221; onclick=&#8221;link_image&#8221; qode_css_animation=&#8221;element_from_bottom&#8221; qode_hover_animation=&#8221;zoom_in&#8221;][vc_empty_space][\/vc_column][vc_column width=&#8221;1\/3&#8243;][vc_single_image image=&#8221;1030&#8243; img_size=&#8221;large&#8221; add_caption=&#8221;yes&#8221; alignment=&#8221;center&#8221; onclick=&#8221;link_image&#8221; qode_css_animation=&#8221;element_from_bottom&#8221; qode_hover_animation=&#8221;zoom_in&#8221;][vc_empty_space][\/vc_column][\/vc_row][vc_row css_animation=&#8221;&#8221; row_type=&#8221;row&#8221; use_row_as_full_screen_section=&#8221;no&#8221; type=&#8221;full_width&#8221; angled_section=&#8221;no&#8221; text_align=&#8221;left&#8221; background_image_as_pattern=&#8221;without_pattern&#8221;][vc_column width=&#8221;1\/3&#8243;][vc_single_image image=&#8221;1032&#8243; img_size=&#8221;large&#8221; add_caption=&#8221;yes&#8221; alignment=&#8221;center&#8221; onclick=&#8221;link_image&#8221; qode_css_animation=&#8221;element_from_bottom&#8221; qode_hover_animation=&#8221;zoom_in&#8221;][vc_empty_space][\/vc_column][vc_column width=&#8221;1\/3&#8243;][vc_single_image image=&#8221;1031&#8243; img_size=&#8221;large&#8221; add_caption=&#8221;yes&#8221; alignment=&#8221;center&#8221; onclick=&#8221;link_image&#8221; qode_css_animation=&#8221;element_from_bottom&#8221; qode_hover_animation=&#8221;zoom_in&#8221;][vc_empty_space][\/vc_column][vc_column width=&#8221;1\/3&#8243;][vc_column_text]<\/p>\n<p style=\"text-align: left;\"><strong>\u201cLa storia del passo mostra che non si deve avere alcuna disperazione : l\u2019ospizio, come ha sempre fatto, sbocci\u00f2 di nuovo prosperoso dalle rovine causate dalle sciocchezze e dagli egoismi degli uomini. Perch\u00e9 nell\u2019ultimo quarto di secolo non si potrebbe vedere un ospizio rinnovato e adatto alle nuove richieste di accoglienza ? Gli uomini di buona volont\u00e0 hanno sempre ricostruito ci\u00f2 che altri hanno distrutto.\u201d <\/strong><em>Abate Hudry\u00a0<\/em><\/p>\n<p>[\/vc_column_text][vc_empty_space][\/vc_column][\/vc_row]<\/p>\n<\/div>","protected":false},"excerpt":{"rendered":"<p>[vc_row css_animation=&#8221;&#8221; row_type=&#8221;row&#8221; use_row_as_full_screen_section=&#8221;no&#8221; type=&#8221;full_width&#8221; angled_section=&#8221;no&#8221; text_align=&#8221;left&#8221; background_image_as_pattern=&#8221;without_pattern&#8221;][vc_column width=&#8221;2\/3&#8243;][vc_empty_space][vc_column_text] La storia dell\u2019ospizio San Bernardo [\/vc_column_text][vc_empty_space][vc_column_text] L\u2019arcidiacono San Bernardo [\/vc_column_text][vc_empty_space][vc_column_text]San Bernardo, arcidiacono di Aosta, intorno al 1050 avrebbe stabilito al Mont-Joux (denominazione precedente del Colle del Gran San Bernardo) un ospizio e una chiesa servita da&#8230;<\/p>\n","protected":false},"author":1,"featured_media":0,"parent":0,"menu_order":12,"comment_status":"closed","ping_status":"closed","template":"","meta":{"footnotes":""},"class_list":["post-1565","page","type-page","status-publish","hentry"],"_links":{"self":[{"href":"https:\/\/www.psbernard.com\/it\/wp-json\/wp\/v2\/pages\/1565","targetHints":{"allow":["GET"]}}],"collection":[{"href":"https:\/\/www.psbernard.com\/it\/wp-json\/wp\/v2\/pages"}],"about":[{"href":"https:\/\/www.psbernard.com\/it\/wp-json\/wp\/v2\/types\/page"}],"author":[{"embeddable":true,"href":"https:\/\/www.psbernard.com\/it\/wp-json\/wp\/v2\/users\/1"}],"replies":[{"embeddable":true,"href":"https:\/\/www.psbernard.com\/it\/wp-json\/wp\/v2\/comments?post=1565"}],"version-history":[{"count":5,"href":"https:\/\/www.psbernard.com\/it\/wp-json\/wp\/v2\/pages\/1565\/revisions"}],"predecessor-version":[{"id":1721,"href":"https:\/\/www.psbernard.com\/it\/wp-json\/wp\/v2\/pages\/1565\/revisions\/1721"}],"wp:attachment":[{"href":"https:\/\/www.psbernard.com\/it\/wp-json\/wp\/v2\/media?parent=1565"}],"curies":[{"name":"wp","href":"https:\/\/api.w.org\/{rel}","templated":true}]}}