{"id":2287,"date":"2020-06-01T15:15:32","date_gmt":"2020-06-01T15:15:32","guid":{"rendered":"https:\/\/www.psbernard.com\/circuits-de-randonnees\/"},"modified":"2023-06-05T13:08:00","modified_gmt":"2023-06-05T13:08:00","slug":"circuits-de-randonnees","status":"publish","type":"page","link":"https:\/\/www.psbernard.com\/en\/circuits-de-randonnees\/","title":{"rendered":"Hiking circuits"},"content":{"rendered":"<div class=\"wpb-content-wrapper\"><p>[vc_row css_animation=&#8221;&#8221; row_type=&#8221;row&#8221; use_row_as_full_screen_section=&#8221;no&#8221; type=&#8221;full_width&#8221; angled_section=&#8221;no&#8221; text_align=&#8221;left&#8221; background_image_as_pattern=&#8221;without_pattern&#8221;][vc_column][vc_empty_space][vc_column_text]<\/p>\n<h1>Discover the Col du Petit Saint-Bernard on foot<\/h1>\n<p>[\/vc_column_text][vc_empty_space][vc_column_text]The Petit Saint Bernard pass offers many hiking trails. Discover them![\/vc_column_text][\/vc_column][\/vc_row][vc_row css_animation=&#8221;&#8221; row_type=&#8221;row&#8221; use_row_as_full_screen_section=&#8221;no&#8221; type=&#8221;full_width&#8221; angled_section=&#8221;no&#8221; text_align=&#8221;left&#8221; background_image_as_pattern=&#8221;without_pattern&#8221;][vc_column width=&#8221;1\/2&#8243;][vc_empty_space][vc_single_image image=&#8221;1148&#8243; img_size=&#8221;large&#8221; alignment=&#8221;center&#8221; onclick=&#8221;link_image&#8221; qode_css_animation=&#8221;element_from_bottom&#8221; qode_hover_animation=&#8221;zoom_in&#8221;][vc_empty_space][\/vc_column][vc_column width=&#8221;1\/2&#8243;][vc_empty_space][vc_column_text]<\/p>\n<h2 style=\"text-align: left;\">Little Saint Bernard discovery trail<\/h2>\n<p>[\/vc_column_text][vc_empty_space][vc_row_inner row_type=&#8221;row&#8221; type=&#8221;full_width&#8221; text_align=&#8221;left&#8221; css_animation=&#8221;&#8221;][vc_column_inner width=&#8221;1\/2&#8243;]<div class='q_icon_with_title small custom_icon_image left_from_title '><div class=\"icon_text_holder\" style=\"\"><div class=\"icon_text_inner\" style=\"\"><div class=\"icon_title_holder\"><div class=\"icon_holder \" style=\" \"><img decoding=\"async\" itemprop=\"image\" style=\"\" src=\"https:\/\/www.psbernard.com\/wp-content\/uploads\/2020\/06\/illustration-randonn\u00e9e-montagne-altitude-m\u00e8tres.png\" alt=\"\"><\/div><h5 class=\"icon_title\" style=\"\">About 2200m<\/h5><\/div><p style=''><\/p><\/div><\/div><\/div>[\/vc_column_inner][vc_column_inner width=&#8221;1\/2&#8243;]<div class='q_icon_with_title small custom_icon_image left_from_title '><div class=\"icon_text_holder\" style=\"\"><div class=\"icon_text_inner\" style=\"\"><div class=\"icon_title_holder\"><div class=\"icon_holder \" style=\" \"><img decoding=\"async\" itemprop=\"image\" style=\"\" src=\"https:\/\/www.psbernard.com\/wp-content\/uploads\/2020\/06\/illustration-niveau-level-randonn\u00e9e-difficult\u00e9-vert.png\" alt=\"\"><\/div><h5 class=\"icon_title\" style=\"\">Esay<\/h5><\/div><p style=''><\/p><\/div><\/div><\/div>[\/vc_column_inner][\/vc_row_inner][vc_row_inner row_type=&#8221;row&#8221; type=&#8221;full_width&#8221; text_align=&#8221;left&#8221; css_animation=&#8221;&#8221;][vc_column_inner width=&#8221;1\/2&#8243;]<div class='q_icon_with_title small custom_icon_image left_from_title '><div class=\"icon_text_holder\" style=\"\"><div class=\"icon_text_inner\" style=\"\"><div class=\"icon_title_holder\"><div class=\"icon_holder \" style=\" \"><img decoding=\"async\" itemprop=\"image\" style=\"\" src=\"https:\/\/www.psbernard.com\/wp-content\/uploads\/2020\/06\/illustration-randonn\u00e9e-temps-dur\u00e9e.png\" alt=\"\"><\/div><h5 class=\"icon_title\" style=\"\">From 1h to 3h<\/h5><\/div><p style=''><\/p><\/div><\/div><\/div>[\/vc_column_inner][vc_column_inner width=&#8221;1\/2&#8243;]<div class='q_icon_with_title small custom_icon_image left_from_title '><div class=\"icon_text_holder\" style=\"\"><div class=\"icon_text_inner\" style=\"\"><div class=\"icon_title_holder\"><div class=\"icon_holder \" style=\" \"><img decoding=\"async\" itemprop=\"image\" style=\"\" src=\"https:\/\/www.psbernard.com\/wp-content\/uploads\/2020\/06\/illustration-d\u00e9nivell\u00e9-montagnes-randonn\u00e9es.png\" alt=\"\"><\/div><h5 class=\"icon_title\" style=\"\">Low elevation<\/h5><\/div><p style=''><\/p><\/div><\/div><\/div>[\/vc_column_inner][\/vc_row_inner][vc_empty_space height=&#8221;16px&#8221;][vc_column_text]Little Saint Bernard discovery trail: an easy 2.5-hour route crosses the pass and allows you to discover all the Roman remains, the alpine garden, the hospice, the customs buildings, as well as the remarkable wetlands. <a href=\"https:\/\/www.psbernard.com\/wp-content\/uploads\/2020\/06\/Parcours-D\u00e9couverte-PSB.pdf\"><em>More information on the Petit Saint-Bernard discovery trail .<\/em><\/a>[\/vc_column_text][vc_empty_space][\/vc_column][\/vc_row][vc_row css_animation=&#8221;&#8221; row_type=&#8221;row&#8221; use_row_as_full_screen_section=&#8221;no&#8221; type=&#8221;full_width&#8221; angled_section=&#8221;no&#8221; text_align=&#8221;left&#8221; background_image_as_pattern=&#8221;without_pattern&#8221;][vc_column width=&#8221;1\/2&#8243;][vc_empty_space][vc_column_text]<\/p>\n<h2 style=\"text-align: left;\">The bottomless lake<\/h2>\n<p>[\/vc_column_text][vc_empty_space][vc_row_inner row_type=&#8221;row&#8221; type=&#8221;full_width&#8221; text_align=&#8221;left&#8221; css_animation=&#8221;&#8221;][vc_column_inner width=&#8221;1\/2&#8243;]<div class='q_icon_with_title small custom_icon_image left_from_title '><div class=\"icon_text_holder\" style=\"\"><div class=\"icon_text_inner\" style=\"\"><div class=\"icon_title_holder\"><div class=\"icon_holder \" style=\" \"><img decoding=\"async\" itemprop=\"image\" style=\"\" src=\"https:\/\/www.psbernard.com\/wp-content\/uploads\/2020\/06\/illustration-randonn\u00e9e-montagne-altitude-m\u00e8tres.png\" alt=\"\"><\/div><h5 class=\"icon_title\" style=\"\">2456 meters<\/h5><\/div><p style=''><\/p><\/div><\/div><\/div>[\/vc_column_inner][vc_column_inner width=&#8221;1\/2&#8243;]<div class='q_icon_with_title small custom_icon_image left_from_title '><div class=\"icon_text_holder\" style=\"\"><div class=\"icon_text_inner\" style=\"\"><div class=\"icon_title_holder\"><div class=\"icon_holder \" style=\" \"><img decoding=\"async\" itemprop=\"image\" style=\"\" src=\"https:\/\/www.psbernard.com\/wp-content\/uploads\/2020\/06\/illustration-niveau-level-randonn\u00e9e-difficult\u00e9-orange.png\" alt=\"\"><\/div><h5 class=\"icon_title\" style=\"\">Medium<\/h5><\/div><p style=''><\/p><\/div><\/div><\/div>[\/vc_column_inner][\/vc_row_inner][vc_row_inner row_type=&#8221;row&#8221; type=&#8221;full_width&#8221; text_align=&#8221;left&#8221; css_animation=&#8221;&#8221;][vc_column_inner width=&#8221;1\/2&#8243;]<div class='q_icon_with_title small custom_icon_image left_from_title '><div class=\"icon_text_holder\" style=\"\"><div class=\"icon_text_inner\" style=\"\"><div class=\"icon_title_holder\"><div class=\"icon_holder \" style=\" \"><img decoding=\"async\" itemprop=\"image\" style=\"\" src=\"https:\/\/www.psbernard.com\/wp-content\/uploads\/2020\/06\/illustration-randonn\u00e9e-temps-dur\u00e9e.png\" alt=\"\"><\/div><h5 class=\"icon_title\" style=\"\">3h<\/h5><\/div><p style=''><\/p><\/div><\/div><\/div>[\/vc_column_inner][vc_column_inner width=&#8221;1\/2&#8243;]<div class='q_icon_with_title small custom_icon_image left_from_title '><div class=\"icon_text_holder\" style=\"\"><div class=\"icon_text_inner\" style=\"\"><div class=\"icon_title_holder\"><div class=\"icon_holder \" style=\" \"><img decoding=\"async\" itemprop=\"image\" style=\"\" src=\"https:\/\/www.psbernard.com\/wp-content\/uploads\/2020\/06\/illustration-d\u00e9nivell\u00e9-montagnes-randonn\u00e9es.png\" alt=\"\"><\/div><h5 class=\"icon_title\" style=\"\">400 meters<\/h5><\/div><p style=''><\/p><\/div><\/div><\/div>[\/vc_column_inner][\/vc_row_inner][vc_empty_space height=&#8221;16px&#8221;][vc_column_text]The bottomless lake (2456m): a beautiful 3h hike (round trip) that leads through pastures to a beautiful mountain lake. <a href=\"https:\/\/seez.fr\/wp-content\/themes\/maison-seez\/ressources_pdf\/randos\/Lac-sans-fond.pdf\" target=\"_blank\" rel=\"noopener noreferrer\">Detailed info here <\/a>.[\/vc_column_text][vc_empty_space][\/vc_column][vc_column width=&#8221;1\/2&#8243;][vc_empty_space][vc_single_image image=&#8221;1151&#8243; img_size=&#8221;large&#8221; alignment=&#8221;center&#8221; onclick=&#8221;link_image&#8221; qode_css_animation=&#8221;element_from_bottom&#8221; qode_hover_animation=&#8221;zoom_in&#8221;][vc_empty_space][\/vc_column][\/vc_row][vc_row css_animation=&#8221;&#8221; row_type=&#8221;row&#8221; use_row_as_full_screen_section=&#8221;no&#8221; type=&#8221;full_width&#8221; angled_section=&#8221;no&#8221; text_align=&#8221;left&#8221; background_image_as_pattern=&#8221;without_pattern&#8221;][vc_column width=&#8221;1\/2&#8243;][vc_empty_space][vc_single_image image=&#8221;1149&#8243; img_size=&#8221;large&#8221; alignment=&#8221;center&#8221; onclick=&#8221;link_image&#8221; qode_css_animation=&#8221;element_from_bottom&#8221; qode_hover_animation=&#8221;zoom_in&#8221;][vc_empty_space][\/vc_column][vc_column width=&#8221;1\/2&#8243;][vc_empty_space][vc_column_text]<\/p>\n<h2 style=\"text-align: left;\">Longet Lake<\/h2>\n<p>[\/vc_column_text][vc_empty_space][vc_row_inner row_type=&#8221;row&#8221; type=&#8221;full_width&#8221; text_align=&#8221;left&#8221; css_animation=&#8221;&#8221;][vc_column_inner width=&#8221;1\/2&#8243;]<div class='q_icon_with_title small custom_icon_image left_from_title '><div class=\"icon_text_holder\" style=\"\"><div class=\"icon_text_inner\" style=\"\"><div class=\"icon_title_holder\"><div class=\"icon_holder \" style=\" \"><img decoding=\"async\" itemprop=\"image\" style=\"\" src=\"https:\/\/www.psbernard.com\/wp-content\/uploads\/2020\/06\/illustration-randonn\u00e9e-montagne-altitude-m\u00e8tres.png\" alt=\"\"><\/div><h5 class=\"icon_title\" style=\"\">2316 meters<\/h5><\/div><p style=''><\/p><\/div><\/div><\/div>[\/vc_column_inner][vc_column_inner width=&#8221;1\/2&#8243;]<div class='q_icon_with_title small custom_icon_image left_from_title '><div class=\"icon_text_holder\" style=\"\"><div class=\"icon_text_inner\" style=\"\"><div class=\"icon_title_holder\"><div class=\"icon_holder \" style=\" \"><img decoding=\"async\" itemprop=\"image\" style=\"\" src=\"https:\/\/www.psbernard.com\/wp-content\/uploads\/2020\/06\/illustration-niveau-level-randonn\u00e9e-difficult\u00e9-vert.png\" alt=\"\"><\/div><h5 class=\"icon_title\" style=\"\">Easy<\/h5><\/div><p style=''><\/p><\/div><\/div><\/div>[\/vc_column_inner][\/vc_row_inner][vc_row_inner row_type=&#8221;row&#8221; type=&#8221;full_width&#8221; text_align=&#8221;left&#8221; css_animation=&#8221;&#8221;][vc_column_inner width=&#8221;1\/2&#8243;]<div class='q_icon_with_title small custom_icon_image left_from_title '><div class=\"icon_text_holder\" style=\"\"><div class=\"icon_text_inner\" style=\"\"><div class=\"icon_title_holder\"><div class=\"icon_holder \" style=\" \"><img decoding=\"async\" itemprop=\"image\" style=\"\" src=\"https:\/\/www.psbernard.com\/wp-content\/uploads\/2020\/06\/illustration-randonn\u00e9e-temps-dur\u00e9e.png\" alt=\"\"><\/div><h5 class=\"icon_title\" style=\"\">2h15<\/h5><\/div><p style=''><\/p><\/div><\/div><\/div>[\/vc_column_inner][vc_column_inner width=&#8221;1\/2&#8243;]<div class='q_icon_with_title small custom_icon_image left_from_title '><div class=\"icon_text_holder\" style=\"\"><div class=\"icon_text_inner\" style=\"\"><div class=\"icon_title_holder\"><div class=\"icon_holder \" style=\" \"><img decoding=\"async\" itemprop=\"image\" style=\"\" src=\"https:\/\/www.psbernard.com\/wp-content\/uploads\/2020\/06\/illustration-d\u00e9nivell\u00e9-montagnes-randonn\u00e9es.png\" alt=\"\"><\/div><h5 class=\"icon_title\" style=\"\">163 meters<\/h5><\/div><p style=''><\/p><\/div><\/div><\/div>[\/vc_column_inner][\/vc_row_inner][vc_empty_space height=&#8221;16px&#8221;][vc_column_text]Lake Longet 2316 meters<i><br \/>\n<\/i>From the end of the Hospice car park, follow the path that passes behind the Chapel, the Chanousia garden to join the Lac Longet trail. Arrived at the lake either you return by the same route or starting due west at the end of the lake you join the track which runs along the stream of Bellecombe and the Sarde way, from this point, on the right you arrive at the Hospice. Vertical drop 163 meters. 2h15 round trip[\/vc_column_text][vc_empty_space][\/vc_column][\/vc_row][vc_row css_animation=&#8221;&#8221; row_type=&#8221;row&#8221; use_row_as_full_screen_section=&#8221;no&#8221; type=&#8221;full_width&#8221; angled_section=&#8221;no&#8221; text_align=&#8221;left&#8221; background_image_as_pattern=&#8221;without_pattern&#8221;][vc_column width=&#8221;1\/2&#8243;][vc_empty_space][vc_column_text]<\/p>\n<h2 style=\"text-align: left;\">The Belvedere Tower<\/h2>\n<p>[\/vc_column_text][vc_empty_space][vc_row_inner row_type=&#8221;row&#8221; type=&#8221;full_width&#8221; text_align=&#8221;left&#8221; css_animation=&#8221;&#8221;][vc_column_inner width=&#8221;1\/2&#8243;]<div class='q_icon_with_title small custom_icon_image left_from_title '><div class=\"icon_text_holder\" style=\"\"><div class=\"icon_text_inner\" style=\"\"><div class=\"icon_title_holder\"><div class=\"icon_holder \" style=\" \"><img decoding=\"async\" itemprop=\"image\" style=\"\" src=\"https:\/\/www.psbernard.com\/wp-content\/uploads\/2020\/06\/illustration-randonn\u00e9e-montagne-altitude-m\u00e8tres.png\" alt=\"\"><\/div><h5 class=\"icon_title\" style=\"\">2641 meters<\/h5><\/div><p style=''><\/p><\/div><\/div><\/div>[\/vc_column_inner][vc_column_inner width=&#8221;1\/2&#8243;]<div class='q_icon_with_title small custom_icon_image left_from_title '><div class=\"icon_text_holder\" style=\"\"><div class=\"icon_text_inner\" style=\"\"><div class=\"icon_title_holder\"><div class=\"icon_holder \" style=\" \"><img decoding=\"async\" itemprop=\"image\" style=\"\" src=\"https:\/\/www.psbernard.com\/wp-content\/uploads\/2020\/06\/illustration-niveau-level-randonn\u00e9e-difficult\u00e9-orange.png\" alt=\"\"><\/div><h5 class=\"icon_title\" style=\"\">Medium<\/h5><\/div><p style=''><\/p><\/div><\/div><\/div>[\/vc_column_inner][\/vc_row_inner][vc_row_inner row_type=&#8221;row&#8221; type=&#8221;full_width&#8221; text_align=&#8221;left&#8221; css_animation=&#8221;&#8221;][vc_column_inner width=&#8221;1\/2&#8243;]<div class='q_icon_with_title small custom_icon_image left_from_title '><div class=\"icon_text_holder\" style=\"\"><div class=\"icon_text_inner\" style=\"\"><div class=\"icon_title_holder\"><div class=\"icon_holder \" style=\" \"><img decoding=\"async\" itemprop=\"image\" style=\"\" src=\"https:\/\/www.psbernard.com\/wp-content\/uploads\/2020\/06\/illustration-randonn\u00e9e-temps-dur\u00e9e.png\" alt=\"\"><\/div><h5 class=\"icon_title\" style=\"\">4h<\/h5><\/div><p style=''><\/p><\/div><\/div><\/div>[\/vc_column_inner][vc_column_inner width=&#8221;1\/2&#8243;]<div class='q_icon_with_title small custom_icon_image left_from_title '><div class=\"icon_text_holder\" style=\"\"><div class=\"icon_text_inner\" style=\"\"><div class=\"icon_title_holder\"><div class=\"icon_holder \" style=\" \"><img decoding=\"async\" itemprop=\"image\" style=\"\" src=\"https:\/\/www.psbernard.com\/wp-content\/uploads\/2020\/06\/illustration-d\u00e9nivell\u00e9-montagnes-randonn\u00e9es.png\" alt=\"\"><\/div><h5 class=\"icon_title\" style=\"\">488 meters<\/h5><\/div><p style=''><\/p><\/div><\/div><\/div>[\/vc_column_inner][\/vc_row_inner][vc_empty_space height=&#8221;16px&#8221;][vc_column_text]The Belvedere Tower 2641 meters<br \/>\nSame route to Lac Longet: from the end of the Hospice car park follow the path that passes behind the Chapel, the Chanousia garden to join the Lac Longet trail. At this point go left to join the ski slope follow it to the right then after a curve go up the small valley on the left until the arrival of the San Bernardo chairlift, follow the ski slope then by a path which passes next to the barracks in ruins at the top of the Belvedere. At this point descend to the arrival of the Belvedere chairlift. The track then a path on the ridge (9b and 9) to the Col de Fourclaz. Return to the pass by following the track to the left. Vertical drop 488 meters. 4 hours round trip[\/vc_column_text][vc_empty_space][\/vc_column][vc_column width=&#8221;1\/2&#8243;][vc_empty_space][vc_single_image image=&#8221;1152&#8243; img_size=&#8221;large&#8221; alignment=&#8221;center&#8221; onclick=&#8221;link_image&#8221; qode_css_animation=&#8221;element_from_bottom&#8221; qode_hover_animation=&#8221;zoom_in&#8221;][vc_empty_space][\/vc_column][\/vc_row][vc_row css_animation=&#8221;&#8221; row_type=&#8221;row&#8221; use_row_as_full_screen_section=&#8221;no&#8221; type=&#8221;full_width&#8221; angled_section=&#8221;no&#8221; text_align=&#8221;left&#8221; background_image_as_pattern=&#8221;without_pattern&#8221;][vc_column width=&#8221;1\/2&#8243;][vc_empty_space][vc_single_image image=&#8221;1153&#8243; img_size=&#8221;large&#8221; alignment=&#8221;center&#8221; onclick=&#8221;link_image&#8221; qode_css_animation=&#8221;element_from_bottom&#8221; qode_hover_animation=&#8221;zoom_in&#8221;][vc_empty_space][\/vc_column][vc_column width=&#8221;1\/2&#8243;][vc_empty_space][vc_column_text]<\/p>\n<h2 style=\"text-align: left;\">The col de la Traversette<\/h2>\n<p>[\/vc_column_text][vc_empty_space][vc_row_inner row_type=&#8221;row&#8221; type=&#8221;full_width&#8221; text_align=&#8221;left&#8221; css_animation=&#8221;&#8221;][vc_column_inner width=&#8221;1\/2&#8243;]<div class='q_icon_with_title small custom_icon_image left_from_title '><div class=\"icon_text_holder\" style=\"\"><div class=\"icon_text_inner\" style=\"\"><div class=\"icon_title_holder\"><div class=\"icon_holder \" style=\" \"><img decoding=\"async\" itemprop=\"image\" style=\"\" src=\"https:\/\/www.psbernard.com\/wp-content\/uploads\/2020\/06\/illustration-randonn\u00e9e-montagne-altitude-m\u00e8tres.png\" alt=\"\"><\/div><h5 class=\"icon_title\" style=\"\">2383 meters<\/h5><\/div><p style=''><\/p><\/div><\/div><\/div>[\/vc_column_inner][vc_column_inner width=&#8221;1\/2&#8243;]<div class='q_icon_with_title small custom_icon_image left_from_title '><div class=\"icon_text_holder\" style=\"\"><div class=\"icon_text_inner\" style=\"\"><div class=\"icon_title_holder\"><div class=\"icon_holder \" style=\" \"><img decoding=\"async\" itemprop=\"image\" style=\"\" src=\"https:\/\/www.psbernard.com\/wp-content\/uploads\/2020\/06\/illustration-niveau-level-randonn\u00e9e-difficult\u00e9-vert.png\" alt=\"\"><\/div><h5 class=\"icon_title\" style=\"\">Easy<\/h5><\/div><p style=''><\/p><\/div><\/div><\/div>[\/vc_column_inner][\/vc_row_inner][vc_row_inner row_type=&#8221;row&#8221; type=&#8221;full_width&#8221; text_align=&#8221;left&#8221; css_animation=&#8221;&#8221;][vc_column_inner width=&#8221;1\/2&#8243;]<div class='q_icon_with_title small custom_icon_image left_from_title '><div class=\"icon_text_holder\" style=\"\"><div class=\"icon_text_inner\" style=\"\"><div class=\"icon_title_holder\"><div class=\"icon_holder \" style=\" \"><img decoding=\"async\" itemprop=\"image\" style=\"\" src=\"https:\/\/www.psbernard.com\/wp-content\/uploads\/2020\/06\/illustration-randonn\u00e9e-temps-dur\u00e9e.png\" alt=\"\"><\/div><h5 class=\"icon_title\" style=\"\">3h15<\/h5><\/div><p style=''><\/p><\/div><\/div><\/div>[\/vc_column_inner][vc_column_inner width=&#8221;1\/2&#8243;]<div class='q_icon_with_title small custom_icon_image left_from_title '><div class=\"icon_text_holder\" style=\"\"><div class=\"icon_text_inner\" style=\"\"><div class=\"icon_title_holder\"><div class=\"icon_holder \" style=\" \"><img decoding=\"async\" itemprop=\"image\" style=\"\" src=\"https:\/\/www.psbernard.com\/wp-content\/uploads\/2020\/06\/illustration-d\u00e9nivell\u00e9-montagnes-randonn\u00e9es.png\" alt=\"\"><\/div><h5 class=\"icon_title\" style=\"\">225 meters<\/h5><\/div><p style=''><\/p><\/div><\/div><\/div>[\/vc_column_inner][\/vc_row_inner][vc_empty_space height=&#8221;16px&#8221;][vc_column_text]The Col de la Traversette 2383 meters<br \/>\nFrom the pass, join the Sarde route, follow it to the start of the Traversette chairlift and go up the ski slope to the Col de la Traversette. are on the ruins of the Sardinian redoubt. Height difference 225 m. 3h15 round trip. Easy. Splendid panorama.[\/vc_column_text][vc_empty_space][\/vc_column][\/vc_row][vc_row css_animation=&#8221;&#8221; row_type=&#8221;row&#8221; use_row_as_full_screen_section=&#8221;no&#8221; type=&#8221;full_width&#8221; angled_section=&#8221;no&#8221; text_align=&#8221;left&#8221; background_image_as_pattern=&#8221;without_pattern&#8221;][vc_column width=&#8221;1\/2&#8243;][vc_empty_space][vc_column_text]<\/p>\n<h2 style=\"text-align: left;\">Walk up to the pass from the valley (Haute-Tarentaise side)<\/h2>\n<p>[\/vc_column_text][vc_empty_space][vc_row_inner row_type=&#8221;row&#8221; type=&#8221;full_width&#8221; text_align=&#8221;left&#8221; css_animation=&#8221;&#8221;][vc_column_inner width=&#8221;1\/2&#8243;]<div class='q_icon_with_title small custom_icon_image left_from_title '><div class=\"icon_text_holder\" style=\"\"><div class=\"icon_text_inner\" style=\"\"><div class=\"icon_title_holder\"><div class=\"icon_holder \" style=\" \"><img decoding=\"async\" itemprop=\"image\" style=\"\" src=\"https:\/\/www.psbernard.com\/wp-content\/uploads\/2020\/06\/illustration-randonn\u00e9e-montagne-altitude-m\u00e8tres.png\" alt=\"\"><\/div><h5 class=\"icon_title\" style=\"\">2188 meters<\/h5><\/div><p style=''><\/p><\/div><\/div><\/div>[\/vc_column_inner][vc_column_inner width=&#8221;1\/2&#8243;]<div class='q_icon_with_title small custom_icon_image left_from_title '><div class=\"icon_text_holder\" style=\"\"><div class=\"icon_text_inner\" style=\"\"><div class=\"icon_title_holder\"><div class=\"icon_holder \" style=\" \"><img decoding=\"async\" itemprop=\"image\" style=\"\" src=\"https:\/\/www.psbernard.com\/wp-content\/uploads\/2020\/06\/illustration-niveau-level-randonn\u00e9e-difficult\u00e9.png\" alt=\"\"><\/div><h5 class=\"icon_title\" style=\"\">good walkers<\/h5><\/div><p style=''><\/p><\/div><\/div><\/div>[\/vc_column_inner][\/vc_row_inner][vc_row_inner row_type=&#8221;row&#8221; type=&#8221;full_width&#8221; text_align=&#8221;left&#8221; css_animation=&#8221;&#8221;][vc_column_inner width=&#8221;1\/2&#8243;]<div class='q_icon_with_title small custom_icon_image left_from_title '><div class=\"icon_text_holder\" style=\"\"><div class=\"icon_text_inner\" style=\"\"><div class=\"icon_title_holder\"><div class=\"icon_holder \" style=\" \"><img decoding=\"async\" itemprop=\"image\" style=\"\" src=\"https:\/\/www.psbernard.com\/wp-content\/uploads\/2020\/06\/illustration-randonn\u00e9e-temps-dur\u00e9e.png\" alt=\"\"><\/div><h5 class=\"icon_title\" style=\"\">6h<\/h5><\/div><p style=''><\/p><\/div><\/div><\/div>[\/vc_column_inner][vc_column_inner width=&#8221;1\/2&#8243;]<div class='q_icon_with_title small custom_icon_image left_from_title '><div class=\"icon_text_holder\" style=\"\"><div class=\"icon_text_inner\" style=\"\"><div class=\"icon_title_holder\"><div class=\"icon_holder \" style=\" \"><img decoding=\"async\" itemprop=\"image\" style=\"\" src=\"https:\/\/www.psbernard.com\/wp-content\/uploads\/2020\/06\/illustration-d\u00e9nivell\u00e9-montagnes-randonn\u00e9es.png\" alt=\"\"><\/div><h5 class=\"icon_title\" style=\"\">800 meters<\/h5><\/div><p style=''><\/p><\/div><\/div><\/div>[\/vc_column_inner][\/vc_row_inner][vc_empty_space height=&#8221;16px&#8221;][vc_column_text]It is possible to walk up to the Petit Saint-Bernard pass from the valley, taking the Roman road, a historic path that linked Vienna to Milan. Difficult. 6 hours round trip.<br \/>\nFrom the parking lot in the village of Saint-Germain, go up the street next to the chapel and take the Roman road on your left. In the village of Les Chavonnes, follow the direction of the Petit Saint-Bernard hospice. After crossing Le Pontet, take the path on the left under the national road, towards the Hospice du Petit Saint-Bernard. Once at the Col, follow the road and pass in front of the Hospice du Petit Saint-Bernard and the Joux column. To go to the border, take the discovery trail on the Hospice plateau. For the descent, follow the same route as for the ascent. <a href=\"https:\/\/seez.fr\/wp-content\/themes\/maison-seez\/ressources_pdf\/randos\/La-Voie-Romaine.pdf\" target=\"_blank\" rel=\"noopener noreferrer\">More information here.<\/a>[\/vc_column_text][vc_empty_space][\/vc_column][vc_column width=&#8221;1\/2&#8243;][vc_empty_space][vc_single_image image=&#8221;1370&#8243; img_size=&#8221;large&#8221; alignment=&#8221;center&#8221; onclick=&#8221;link_image&#8221; qode_css_animation=&#8221;element_from_bottom&#8221; qode_hover_animation=&#8221;zoom_in&#8221;][vc_empty_space][\/vc_column][\/vc_row]<\/p>\n<\/div>","protected":false},"excerpt":{"rendered":"<p>[vc_row css_animation=&#8221;&#8221; row_type=&#8221;row&#8221; use_row_as_full_screen_section=&#8221;no&#8221; type=&#8221;full_width&#8221; angled_section=&#8221;no&#8221; text_align=&#8221;left&#8221; background_image_as_pattern=&#8221;without_pattern&#8221;][vc_column][vc_empty_space][vc_column_text] Discover the Col du Petit Saint-Bernard on foot [\/vc_column_text][vc_empty_space][vc_column_text]The Petit Saint Bernard pass offers many hiking trails. Discover them![\/vc_column_text][\/vc_column][\/vc_row][vc_row css_animation=&#8221;&#8221; row_type=&#8221;row&#8221; use_row_as_full_screen_section=&#8221;no&#8221; type=&#8221;full_width&#8221; angled_section=&#8221;no&#8221; text_align=&#8221;left&#8221; background_image_as_pattern=&#8221;without_pattern&#8221;][vc_column width=&#8221;1\/2&#8243;][vc_empty_space][vc_single_image image=&#8221;1148&#8243; img_size=&#8221;large&#8221; alignment=&#8221;center&#8221; onclick=&#8221;link_image&#8221; qode_css_animation=&#8221;element_from_bottom&#8221; qode_hover_animation=&#8221;zoom_in&#8221;][vc_empty_space][\/vc_column][vc_column width=&#8221;1\/2&#8243;][vc_empty_space][vc_column_text] Little Saint Bernard&#8230;<\/p>\n","protected":false},"author":1,"featured_media":0,"parent":0,"menu_order":5,"comment_status":"closed","ping_status":"closed","template":"","meta":{"footnotes":""},"class_list":["post-2287","page","type-page","status-publish","hentry"],"_links":{"self":[{"href":"https:\/\/www.psbernard.com\/en\/wp-json\/wp\/v2\/pages\/2287","targetHints":{"allow":["GET"]}}],"collection":[{"href":"https:\/\/www.psbernard.com\/en\/wp-json\/wp\/v2\/pages"}],"about":[{"href":"https:\/\/www.psbernard.com\/en\/wp-json\/wp\/v2\/types\/page"}],"author":[{"embeddable":true,"href":"https:\/\/www.psbernard.com\/en\/wp-json\/wp\/v2\/users\/1"}],"replies":[{"embeddable":true,"href":"https:\/\/www.psbernard.com\/en\/wp-json\/wp\/v2\/comments?post=2287"}],"version-history":[{"count":5,"href":"https:\/\/www.psbernard.com\/en\/wp-json\/wp\/v2\/pages\/2287\/revisions"}],"predecessor-version":[{"id":2294,"href":"https:\/\/www.psbernard.com\/en\/wp-json\/wp\/v2\/pages\/2287\/revisions\/2294"}],"wp:attachment":[{"href":"https:\/\/www.psbernard.com\/en\/wp-json\/wp\/v2\/media?parent=2287"}],"curies":[{"name":"wp","href":"https:\/\/api.w.org\/{rel}","templated":true}]}}